{"id":717,"date":"2023-06-26T12:48:28","date_gmt":"2023-06-26T12:48:28","guid":{"rendered":"https:\/\/www.amusezvous.net\/?page_id=717"},"modified":"2026-03-05T12:52:10","modified_gmt":"2026-03-05T12:52:10","slug":"degustation-vin","status":"publish","type":"page","link":"https:\/\/www.amusezvous.net\/fr\/degustation-vin","title":{"rendered":"D\u00e9gustation vin"},"content":{"rendered":"\t\t<noscript>\t<div class=\"list-event\">\n\t\t    <div class=\"grid__item\">\n      <a href=\"https:\/\/www.amusezvous.net\/fr\/loisirs\/visite-guidee-et-degustation-de-5-vins-325602\" class=\"single-item\">\n        <div class=\"grid__img\">\n                      <img loading=\"lazy\" decoding=\"async\" src=\"https:\/\/www.amusezvous.net\/app\/plugins\/apidae\/public\/files\/mini\/visite-guidee-et-degustation-de-5-vins_325602_1.jpg\" alt=\"\" width=\"640\" height=\"300\" \/>\n                            <\/div>\n        <div class=\"grid__inner\">\n          <div class=\"date\">\n                          <div class=\"date-double\">\n                                <div class=\"dateDebut\">\n                  <span class=\"day\">10<\/span>\n                  <span class=\"month\">avr.<\/span>\n                                  <\/div>\n                <i class=\"fa-light fa-chevron-right\"><\/i>\n                                <div class=\"dateFin\">\n                  <span class=\"day\">30<\/span>\n                  <span class=\"month\">oct.<\/span>\n                                  <\/div>\n              <\/div>\n                      <\/div>\n  \n            \n          <h2 class=\"formattedText\">Visite guid\u00e9e et d\u00e9gustation de 5 vins<\/h2>\n            \n          <div class=\"grid__sub\">\n            <div class=\"grid__datetime\">\n              <span class=\"grid__commune\">\n                <i class=\"fa-thin fa-map-marker-alt\"><\/i>&nbsp;\n                <span>2065 Route de la Berle<\/span>&nbsp;                                                -&nbsp;                Gassin              <\/span>\n            <\/div>\n          <\/div>\n        <\/div>\n      <\/a>\n    <\/div>\n      <div class=\"grid__item\">\n      <a href=\"https:\/\/www.amusezvous.net\/fr\/loisirs\/atelier-introduction-aux-vins-natures-et-degustation-314848\" class=\"single-item\">\n        <div class=\"grid__img\">\n                      <img loading=\"lazy\" decoding=\"async\" src=\"https:\/\/www.amusezvous.net\/app\/plugins\/apidae\/public\/files\/mini\/atelier-introduction-aux-vins-natures-et-degustation_314848_1.jpg\" alt=\"\" width=\"640\" height=\"300\" \/>\n                            <\/div>\n        <div class=\"grid__inner\">\n          <div class=\"date\">\n                          <div class=\"date-double\">\n                                <div class=\"dateDebut\">\n                  <span class=\"day\">13<\/span>\n                  <span class=\"month\">avr.<\/span>\n                                  <\/div>\n                <i class=\"fa-light fa-chevron-right\"><\/i>\n                                <div class=\"dateFin\">\n                  <span class=\"day\">31<\/span>\n                  <span class=\"month\">mars<\/span>\n                                  <\/div>\n              <\/div>\n                      <\/div>\n  \n            \n          <h2 class=\"formattedText\">Atelier introduction aux vins natures et d\u00e9gustation<\/h2>\n            \n          <div class=\"grid__sub\">\n            <div class=\"grid__datetime\">\n              <span class=\"grid__commune\">\n                <i class=\"fa-thin fa-map-marker-alt\"><\/i>&nbsp;\n                <span>1032 Chemin des Lyons<\/span>&nbsp;                                                -&nbsp;                Grimaud              <\/span>\n            <\/div>\n          <\/div>\n        <\/div>\n      <\/a>\n    <\/div>\n      <div class=\"grid__item\">\n      <a href=\"https:\/\/www.amusezvous.net\/fr\/loisirs\/balade-viticole-retro-en-2cv-3h-325882\" class=\"single-item\">\n        <div class=\"grid__img\">\n                      <img loading=\"lazy\" decoding=\"async\" src=\"https:\/\/www.amusezvous.net\/app\/plugins\/apidae\/public\/files\/mini\/balade-viticole-retro-en-2cv-3h_325882_1.jpg\" alt=\"Circuit priv\u00e9 2CV Saint Tropez - Elia Kuhn Photographe - Beyond The Wine\" width=\"640\" height=\"300\" \/>\n                            <\/div>\n        <div class=\"grid__inner\">\n          <div class=\"date\">\n                          <div class=\"date-double\">\n                                <div class=\"dateDebut\">\n                  <span class=\"day\">11<\/span>\n                  <span class=\"month\">avr.<\/span>\n                                  <\/div>\n                <i class=\"fa-light fa-chevron-right\"><\/i>\n                                <div class=\"dateFin\">\n                  <span class=\"day\">31<\/span>\n                  <span class=\"month\">oct.<\/span>\n                                  <\/div>\n              <\/div>\n                      <\/div>\n  \n            \n          <h2 class=\"formattedText\">Balade viticole r\u00e9tro en 2CV (3h)<\/h2>\n            \n          <div class=\"grid__sub\">\n            <div class=\"grid__datetime\">\n              <span class=\"grid__commune\">\n                <i class=\"fa-thin fa-map-marker-alt\"><\/i>&nbsp;\n                <span>83990 Saint-Tropez<\/span>&nbsp;                                                -&nbsp;                Saint-Tropez              <\/span>\n            <\/div>\n          <\/div>\n        <\/div>\n      <\/a>\n    <\/div>\n      <div class=\"grid__item\">\n      <a href=\"https:\/\/www.amusezvous.net\/fr\/loisirs\/visite-et-degustation-de-vin-a-sainte-maxime-302886\" class=\"single-item\">\n        <div class=\"grid__img\">\n                      <img loading=\"lazy\" decoding=\"async\" src=\"https:\/\/www.amusezvous.net\/app\/plugins\/apidae\/public\/files\/mini\/visite-et-degustation-de-vin-a-sainte-maxime_302886_1.jpg\" alt=\"\" width=\"640\" height=\"300\" \/>\n                            <\/div>\n        <div class=\"grid__inner\">\n          <div class=\"date\">\n                          <div class=\"date-double\">\n                                <div class=\"dateDebut\">\n                  <span class=\"day\">13<\/span>\n                  <span class=\"month\">avr.<\/span>\n                                  <\/div>\n                <i class=\"fa-light fa-chevron-right\"><\/i>\n                                <div class=\"dateFin\">\n                  <span class=\"day\">31<\/span>\n                  <span class=\"month\">mars<\/span>\n                                  <\/div>\n              <\/div>\n                      <\/div>\n  \n            \n          <h2 class=\"formattedText\">Visite et d\u00e9gustation de vin \u00e0 Sainte Maxime<\/h2>\n            \n          <div class=\"grid__sub\">\n            <div class=\"grid__datetime\">\n              <span class=\"grid__commune\">\n                <i class=\"fa-thin fa-map-marker-alt\"><\/i>&nbsp;\n                <span>71 Chemin des Virgiles<\/span>&nbsp;                                                -&nbsp;                Sainte-Maxime              <\/span>\n            <\/div>\n          <\/div>\n        <\/div>\n      <\/a>\n    <\/div>\n      <div class=\"grid__item\">\n      <a href=\"https:\/\/www.amusezvous.net\/fr\/loisirs\/visite-et-degustation-262780\" class=\"single-item\">\n        <div class=\"grid__img\">\n                      <img loading=\"lazy\" decoding=\"async\" src=\"https:\/\/www.amusezvous.net\/app\/plugins\/apidae\/public\/files\/mini\/visite-et-degustation_262780_1.jpg\" alt=\"\" width=\"640\" height=\"300\" \/>\n                            <\/div>\n        <div class=\"grid__inner\">\n          <div class=\"date\">\n                          <div class=\"date-double\">\n                                <div class=\"dateDebut\">\n                  <span class=\"day\">10<\/span>\n                  <span class=\"month\">avr.<\/span>\n                                  <\/div>\n                <i class=\"fa-light fa-chevron-right\"><\/i>\n                                <div class=\"dateFin\">\n                  <span class=\"day\">26<\/span>\n                  <span class=\"month\">f\u00e9v.<\/span>\n                                  <\/div>\n              <\/div>\n                      <\/div>\n  \n            \n          <h2 class=\"formattedText\">Visite et d\u00e9gustation <\/h2>\n            \n          <div class=\"grid__sub\">\n            <div class=\"grid__datetime\">\n              <span class=\"grid__commune\">\n                <i class=\"fa-thin fa-map-marker-alt\"><\/i>&nbsp;\n                <span>Ch\u00e2teau de Chausse<\/span>&nbsp;                <span>Ch\u00e2teau de Chausse<\/span>&nbsp;                <span>Rue Fr\u00e9d\u00e9ric Mistral<\/span>                -&nbsp;                La Croix-Valmer              <\/span>\n            <\/div>\n          <\/div>\n        <\/div>\n      <\/a>\n    <\/div>\n      <div class=\"grid__item\">\n      <a href=\"https:\/\/www.amusezvous.net\/fr\/loisirs\/circuit-partage-en-mini-van-236955\" class=\"single-item\">\n        <div class=\"grid__img\">\n                      <img loading=\"lazy\" decoding=\"async\" src=\"https:\/\/www.amusezvous.net\/app\/plugins\/apidae\/public\/files\/mini\/circuit-partage-en-mini-van_236955_1.png\" alt=\"circuit viticole depuis saint tropez\" width=\"640\" height=\"300\" \/>\n                            <\/div>\n        <div class=\"grid__inner\">\n          <div class=\"date\">\n                          <div class=\"date-double\">\n                                <div class=\"dateDebut\">\n                  <span class=\"day\">24<\/span>\n                  <span class=\"month\">avr.<\/span>\n                                  <\/div>\n                <i class=\"fa-light fa-chevron-right\"><\/i>\n                                <div class=\"dateFin\">\n                  <span class=\"day\">17<\/span>\n                  <span class=\"month\">oct.<\/span>\n                                  <\/div>\n              <\/div>\n                      <\/div>\n  \n            \n          <h2 class=\"formattedText\">Circuit partag\u00e9 en mini van <\/h2>\n            \n          <div class=\"grid__sub\">\n            <div class=\"grid__datetime\">\n              <span class=\"grid__commune\">\n                <i class=\"fa-thin fa-map-marker-alt\"><\/i>&nbsp;\n                <span>1 Quai de l'\u00c9pi<\/span>&nbsp;                                                -&nbsp;                Saint-Tropez              <\/span>\n            <\/div>\n          <\/div>\n        <\/div>\n      <\/a>\n    <\/div>\n      <div class=\"grid__item\">\n      <a href=\"https:\/\/www.amusezvous.net\/fr\/loisirs\/degustation-privee-a-domicile-273262\" class=\"single-item\">\n        <div class=\"grid__img\">\n                      <img loading=\"lazy\" decoding=\"async\" src=\"https:\/\/www.amusezvous.net\/app\/plugins\/apidae\/public\/files\/mini\/degustation-privee-a-domicile_273262_1.jpg\" alt=\"D\u00e9gustation \u00e0 domicile Saint-Tropez\" width=\"640\" height=\"300\" \/>\n                            <\/div>\n        <div class=\"grid__inner\">\n          <div class=\"date\">\n                          <div class=\"date-double\">\n                                <div class=\"dateDebut\">\n                  <span class=\"day\">12<\/span>\n                  <span class=\"month\">jui.<\/span>\n                                  <\/div>\n                <i class=\"fa-light fa-chevron-right\"><\/i>\n                                <div class=\"dateFin\">\n                  <span class=\"day\">26<\/span>\n                  <span class=\"month\">oct.<\/span>\n                                  <\/div>\n              <\/div>\n                      <\/div>\n  \n            \n          <h2 class=\"formattedText\">D\u00e9gustation Priv\u00e9e \u00e0 domicile <\/h2>\n            \n          <div class=\"grid__sub\">\n            <div class=\"grid__datetime\">\n              <span class=\"grid__commune\">\n                <i class=\"fa-thin fa-map-marker-alt\"><\/i>&nbsp;\n                <span>83990 Saint-Tropez<\/span>&nbsp;                                                -&nbsp;                Saint-Tropez              <\/span>\n            <\/div>\n          <\/div>\n        <\/div>\n      <\/a>\n    <\/div>\n      <div class=\"grid__item\">\n      <a href=\"https:\/\/www.amusezvous.net\/fr\/loisirs\/balade-champetre-et-degustation-de-vin-2h-266617\" class=\"single-item\">\n        <div class=\"grid__img\">\n                      <img loading=\"lazy\" decoding=\"async\" src=\"https:\/\/www.amusezvous.net\/app\/plugins\/apidae\/public\/files\/mini\/balade-champetre-et-degustation-de-vin-2h_266617_1.jpg\" alt=\"\" width=\"640\" height=\"300\" \/>\n                            <\/div>\n        <div class=\"grid__inner\">\n          <div class=\"date\">\n                          <div class=\"date-simple\">\n                <div class=\"dateDebut\">\n                  <span class=\"day\"><\/span>\n                  <span class=\"month\"><\/span>\n                                  <\/div>\n              <\/div>\n                      <\/div>\n  \n            \n          <h2 class=\"formattedText\">Balade champ\u00eatre et d\u00e9gustation de vin 2h<\/h2>\n            \n          <div class=\"grid__sub\">\n            <div class=\"grid__datetime\">\n              <span class=\"grid__commune\">\n                <i class=\"fa-thin fa-map-marker-alt\"><\/i>&nbsp;\n                <span>330 Chem. Val d'Astier<\/span>&nbsp;                                                -&nbsp;                Cogolin              <\/span>\n            <\/div>\n          <\/div>\n        <\/div>\n      <\/a>\n    <\/div>\n      <div class=\"grid__item\">\n      <a href=\"https:\/\/www.amusezvous.net\/fr\/loisirs\/balade-en-2cv-et-degustation-de-vin-1-2-journee-285001\" class=\"single-item\">\n        <div class=\"grid__img\">\n                      <img loading=\"lazy\" decoding=\"async\" src=\"https:\/\/www.amusezvous.net\/app\/plugins\/apidae\/public\/files\/mini\/balade-en-2cv-et-degustation-de-vin-1-2-journee_285001_1.png\" alt=\"Escale dans un de nos domaines crus class\u00e9s\" width=\"640\" height=\"300\" \/>\n                            <\/div>\n        <div class=\"grid__inner\">\n          <div class=\"date\">\n                          <div class=\"date-simple\">\n                <div class=\"dateDebut\">\n                  <span class=\"day\"><\/span>\n                  <span class=\"month\"><\/span>\n                                  <\/div>\n              <\/div>\n                      <\/div>\n  \n            \n          <h2 class=\"formattedText\">Balade en 2CV et d\u00e9gustation de vin (1\/2 journ\u00e9e)<\/h2>\n            \n          <div class=\"grid__sub\">\n            <div class=\"grid__datetime\">\n              <span class=\"grid__commune\">\n                <i class=\"fa-thin fa-map-marker-alt\"><\/i>&nbsp;\n                <span>96 Avenue Georges Clemenceau<\/span>&nbsp;                                                -&nbsp;                Cogolin              <\/span>\n            <\/div>\n          <\/div>\n        <\/div>\n      <\/a>\n    <\/div>\n      <div class=\"grid__item\">\n      <a href=\"https:\/\/www.amusezvous.net\/fr\/loisirs\/experience-rose-chateau-de-chausse-262381\" class=\"single-item\">\n        <div class=\"grid__img\">\n                      <img loading=\"lazy\" decoding=\"async\" src=\"https:\/\/www.amusezvous.net\/app\/plugins\/apidae\/public\/files\/mini\/experience-rose-chateau-de-chausse_262381_1.jpg\" alt=\"Photo LHJ Photographie\" width=\"640\" height=\"300\" \/>\n                            <\/div>\n        <div class=\"grid__inner\">\n          <div class=\"date\">\n                          <div class=\"date-simple\">\n                <div class=\"dateDebut\">\n                  <span class=\"day\"><\/span>\n                  <span class=\"month\"><\/span>\n                                  <\/div>\n              <\/div>\n                      <\/div>\n  \n            \n          <h2 class=\"formattedText\">Experience Ros\u00e9 Ch\u00e2teau de Chausse<\/h2>\n            \n          <div class=\"grid__sub\">\n            <div class=\"grid__datetime\">\n              <span class=\"grid__commune\">\n                <i class=\"fa-thin fa-map-marker-alt\"><\/i>&nbsp;\n                <span>Ch\u00e2teau de Chausse<\/span>&nbsp;                <span>Ch\u00e2teau de Chausse<\/span>&nbsp;                <span>Rue Fr\u00e9d\u00e9ric Mistral<\/span>                -&nbsp;                La Croix-Valmer              <\/span>\n            <\/div>\n          <\/div>\n        <\/div>\n      <\/a>\n    <\/div>\n      <div class=\"grid__item\">\n      <a href=\"https:\/\/www.amusezvous.net\/fr\/loisirs\/visite-vigneron-306026\" class=\"single-item\">\n        <div class=\"grid__img\">\n                      <img loading=\"lazy\" decoding=\"async\" src=\"https:\/\/www.amusezvous.net\/app\/plugins\/apidae\/public\/files\/mini\/visite-vigneron_306026_1.jpg\" alt=\"\" width=\"640\" height=\"300\" \/>\n                            <\/div>\n        <div class=\"grid__inner\">\n          <div class=\"date\">\n                          <div class=\"date-simple\">\n                <div class=\"dateDebut\">\n                  <span class=\"day\"><\/span>\n                  <span class=\"month\"><\/span>\n                                  <\/div>\n              <\/div>\n                      <\/div>\n  \n            \n          <h2 class=\"formattedText\">Visite Vigneron<\/h2>\n            \n          <div class=\"grid__sub\">\n            <div class=\"grid__datetime\">\n              <span class=\"grid__commune\">\n                <i class=\"fa-thin fa-map-marker-alt\"><\/i>&nbsp;\n                <span>2631 Chemin des Crottes et de Saint-Marc<\/span>&nbsp;                                                -&nbsp;                La M\u00f4le              <\/span>\n            <\/div>\n          <\/div>\n        <\/div>\n      <\/a>\n    <\/div>\n      <div class=\"grid__item\">\n      <a href=\"https:\/\/www.amusezvous.net\/fr\/loisirs\/3h-randonnee-guidee-en-vtt-electrique-ebike-wine-presqu-ile-de-saint-tropez-318477\" class=\"single-item\">\n        <div class=\"grid__img\">\n                      <img loading=\"lazy\" decoding=\"async\" src=\"https:\/\/www.amusezvous.net\/app\/plugins\/apidae\/public\/files\/mini\/3h-randonnee-guidee-en-vtt-electrique-ebike-wine-presqu-ile-de-saint-tropez_318477_1.jpg\" alt=\"\" width=\"640\" height=\"300\" \/>\n                            <\/div>\n        <div class=\"grid__inner\">\n          <div class=\"date\">\n                          <div class=\"date-simple\">\n                <div class=\"dateDebut\">\n                  <span class=\"day\"><\/span>\n                  <span class=\"month\"><\/span>\n                                  <\/div>\n              <\/div>\n                      <\/div>\n  \n            \n          <h2 class=\"formattedText\">3h randonn\u00e9e guid\u00e9e en VTT \u00e9lectrique - \"EBIKE & WINE\" presqu'\u00eele de Saint-Tropez<\/h2>\n            \n          <div class=\"grid__sub\">\n            <div class=\"grid__datetime\">\n              <span class=\"grid__commune\">\n                <i class=\"fa-thin fa-map-marker-alt\"><\/i>&nbsp;\n                <span>842 Chem. des Tamaris<\/span>&nbsp;                                                -&nbsp;                Ramatuelle              <\/span>\n            <\/div>\n          <\/div>\n        <\/div>\n      <\/a>\n    <\/div>\n      <div class=\"grid__item\">\n      <a href=\"https:\/\/www.amusezvous.net\/fr\/loisirs\/circuit-prive-mini-van-296153\" class=\"single-item\">\n        <div class=\"grid__img\">\n                      <img loading=\"lazy\" decoding=\"async\" src=\"https:\/\/www.amusezvous.net\/app\/plugins\/apidae\/public\/files\/mini\/circuit-prive-mini-van_296153_1.jpg\" alt=\"Circuit oenologique priv\u00e9 en minivan - Saint-Tropez - Elia Kuhn Photographe - Beyond The Wine \" width=\"640\" height=\"300\" \/>\n                            <\/div>\n        <div class=\"grid__inner\">\n          <div class=\"date\">\n                          <div class=\"date-simple\">\n                <div class=\"dateDebut\">\n                  <span class=\"day\"><\/span>\n                  <span class=\"month\"><\/span>\n                                  <\/div>\n              <\/div>\n                      <\/div>\n  \n            \n          <h2 class=\"formattedText\">Circuit priv\u00e9, mini van <\/h2>\n            \n          <div class=\"grid__sub\">\n            <div class=\"grid__datetime\">\n              <span class=\"grid__commune\">\n                <i class=\"fa-thin fa-map-marker-alt\"><\/i>&nbsp;\n                <span>Saint-Tropez<\/span>&nbsp;                                                -&nbsp;                Saint-Tropez              <\/span>\n            <\/div>\n          <\/div>\n        <\/div>\n      <\/a>\n    <\/div>\n  \t<\/div>\n<\/noscript><div id=\"prestaItems-1257253452\" class=\"prestaItems wp-block-apidae-prestas alignwide\">\r\n\t\t\t<apidae-prestas\r\n\t\t\t\tslug=\"amz-degustations-de-vin\"\r\n\t\t\t\tlayout-mode=\"list\"\r\n\t\t\t\tmap-height=\"\"\r\n\t\t\t\ttheme=\"default\"\r\n\t\t\t\ttype=\"grid\"\r\n\t\t\t\ttype-filtre=\"popover\"\r\n\t\t\t\ttype-paginate=\"INFINITE\"\r\n\t\t\t\ttitle=\"\"\r\n\t\t\t\t:nb-per-page=\"12\"\r\n\t\t\t\tfilter=\"\"\r\n\t\t\t\tlang=\"fr\"\r\n\t\t\t\t:groupe-ids-to-hide=\"[7]\"\r\n\t\t\t\t:groupe-ids-to-open=\"[31]\"\r\n\t\t\t\t:tri-filters=\"['alphabetique','triEvenement','priceAsc','priceDesc']\"\r\n\t\t\t\t:tri=\"['priceAsc']\"\r\n        :show-filtre=\"1\"\r\n\t\t\t\t:show-filtre-nb-results=\"1\"\r\n        :show-filtre-results=\"0\"\r\n        :show-filtre-lib=\"1\"\r\n        :show-filtre-tri=\"1\"\r\n        :show-filtre-groupes=\"1\"\r\n        :show-filtre-date=\"1\"\r\n        :show-filtre-age=\"0\"\r\n        :show-filtre-price=\"1\"\r\n        :show-filtre-capacity=\"0\"\r\n        :show-filtre-nombre-chambres=\"0\"\r\n        :show-filtre-nombre-jours=\"0\"\r\n        :show-filtre-nombre-nuits=\"0\"\r\n        :show-filtre-distance=\"0\"\r\n        :show-filtre-duration=\"0\"\r\n        :show-filtre-elevation=\"0\"\r\n        :show-filtre-geolocalisation=\"0\"\r\n        :show-prestas=\"1\"\r\n\t\t\t\t:show-prestas-address=\"0\"\r\n\t\t\t\t:show-prestas-attributes=\"0\"\r\n\t\t\t\t:show-prestas-breadcrumb=\"0\"\r\n\t\t\t\t:show-prestas-calendar=\"0\"\r\n\t\t\t\t:show-prestas-cart=\"1\"\r\n\t\t\t\t:show-prestas-categorie=\"0\"\r\n\t\t\t\t:show-prestas-contact=\"0\"\r\n\t\t\t\t:show-prestas-coordonnee=\"0\"\r\n\t\t\t\t:show-prestas-cover=\"1\"\r\n\t\t\t\t:show-prestas-date=\"0\"\r\n\t\t\t\t:show-prestas-description=\"1\"\r\n\t\t\t\t:show-prestas-dispo=\"0\"\r\n\t\t\t\t:show-prestas-gallery=\"0\"\r\n\t\t\t\t:show-prestas-fair-guest=\"0\"\r\n\t\t\t\t:show-prestas-fair-guest-lite=\"0\"\r\n\t\t\t\t:show-prestas-logo=\"0\"\r\n\t\t\t\t:show-prestas-map=\"1\"\r\n\t\t\t\t:show-prestas-map-closed=\"1\"\r\n\t\t\t\t:show-prestas-map-cluster=\"0\"\r\n\t\t\t\t:show-prestas-map-controls=\"0\"\r\n\t\t\t\t:show-prestas-map-zoom-scroll=\"0\"\r\n\t\t\t\t:show-prestas-objets-lies=\"0\"\r\n\t\t\t\t:show-prestas-opened=\"0\"\r\n\t\t\t\t:show-prestas-tarif=\"1\"\r\n\t\t\t\t:show-prestas-title=\"1\"\r\n\t\t\t\t:show-presta-address=\"1\"\r\n\t\t\t\t:show-presta-attributes=\"1\"\r\n\t\t\t\t:show-presta-back=\"1\"\r\n\t\t\t\t:show-presta-breadcrumb=\"0\"\r\n\t\t\t\t:show-presta-calendar=\"1\"\r\n\t\t\t\t:show-presta-cart=\"0\"\r\n\t\t\t\t:show-presta-categorie=\"1\"\r\n\t\t\t\t:show-presta-contact=\"0\"\r\n\t\t\t\t:show-presta-coordonnee=\"1\"\r\n\t\t\t\t:show-presta-cover=\"1\"\r\n\t\t\t\t:show-presta-date=\"1\"\r\n\t\t\t\t:show-presta-description=\"1\"\r\n\t\t\t\t:show-presta-dispo=\"1\"\r\n\t\t\t\t:show-presta-gallery=\"1\"\r\n\t\t\t\t:show-presta-fair-guest=\"1\"\r\n\t\t\t\t:show-presta-fair-guest-lite=\"1\"\r\n\t\t\t\t:show-presta-logo=\"1\"\r\n\t\t\t\t:show-presta-map=\"1\"\r\n\t\t\t\t:show-presta-map-closed=\"1\"\r\n\t\t\t\t:show-presta-map-cluster=\"1\"\r\n\t\t\t\t:show-presta-map-controls=\"1\"\r\n\t\t\t\t:show-presta-map-zoom-scroll=\"1\"\r\n\t\t\t\t:show-presta-objets-attaches=\"0\"\r\n\t\t\t\t:show-presta-objets-croises=\"1\"\r\n\t\t\t\t:show-presta-objets-geres=\"0\"\r\n\t\t\t\t:show-presta-objets-lies=\"0\"\r\n\t\t\t\t:show-presta-opened=\"0\"\r\n\t\t\t\t:show-presta-tarif=\"1\"\r\n\t\t\t\t:show-presta-title=\"1\"\r\n\t\t\t\t:show-presta-view=\"1\">\r\n\t\t\t<\/apidae-prestas>\r\n\t\t<\/div>","protected":false},"excerpt":{"rendered":"","protected":false},"author":7,"featured_media":0,"parent":0,"menu_order":35,"comment_status":"closed","ping_status":"closed","template":"","meta":{"_acf_changed":false,"_crdt_document":"","footnotes":""},"class_list":["post-717","page","type-page","status-publish","hentry"],"acf":[],"_links":{"self":[{"href":"https:\/\/www.amusezvous.net\/fr\/wp-json\/wp\/v2\/pages\/717","targetHints":{"allow":["GET"]}}],"collection":[{"href":"https:\/\/www.amusezvous.net\/fr\/wp-json\/wp\/v2\/pages"}],"about":[{"href":"https:\/\/www.amusezvous.net\/fr\/wp-json\/wp\/v2\/types\/page"}],"author":[{"embeddable":true,"href":"https:\/\/www.amusezvous.net\/fr\/wp-json\/wp\/v2\/users\/7"}],"replies":[{"embeddable":true,"href":"https:\/\/www.amusezvous.net\/fr\/wp-json\/wp\/v2\/comments?post=717"}],"version-history":[{"count":9,"href":"https:\/\/www.amusezvous.net\/fr\/wp-json\/wp\/v2\/pages\/717\/revisions"}],"predecessor-version":[{"id":3722,"href":"https:\/\/www.amusezvous.net\/fr\/wp-json\/wp\/v2\/pages\/717\/revisions\/3722"}],"wp:attachment":[{"href":"https:\/\/www.amusezvous.net\/fr\/wp-json\/wp\/v2\/media?parent=717"}],"curies":[{"name":"wp","href":"https:\/\/api.w.org\/{rel}","templated":true}]}}