{"id":156,"date":"2023-02-22T09:45:49","date_gmt":"2023-02-22T09:45:49","guid":{"rendered":"https:\/\/www.amusezvous.net\/?page_id=156"},"modified":"2025-04-03T10:13:59","modified_gmt":"2025-04-03T10:13:59","slug":"confidentialite","status":"publish","type":"page","link":"https:\/\/www.amusezvous.net\/fr\/confidentialite","title":{"rendered":"Confidentialit\u00e9"},"content":{"rendered":"\n<div class=\"wp-block-group is-layout-flow wp-block-group-is-layout-flow\">\n<p class=\"wp-block-paragraph\"><strong>TRAITEMENT ET GESTION DES DONN\u00c9ES PERSONNELLES<\/strong><\/p>\n\n\n\n<p class=\"wp-block-paragraph\">Les donn\u00e9es personnelles recueillies sur le site r\u00e9sultent de la communication volontaire d\u2019une adresse de courrier \u00e9lectronique lors du d\u00e9p\u00f4t d\u2019un message \u00e9lectronique. Les courriels ainsi recueillis ne servent qu\u2019\u00e0 transmettre les \u00e9l\u00e9ments d\u2019informations demand\u00e9s. Les adresses \u00e9lectroniques collect\u00e9es ne feront l\u2019objet d\u2019aucune cession, ni d\u2019aucun traitement de la part de Golfe de Saint-Tropez D\u00e9veloppement.<\/p>\n\n\n\n<p class=\"wp-block-paragraph\">Golfe de Saint-Tropez D\u00e9veloppement n\u2019utilise pas de proc\u00e9d\u00e9 de collecte automatis\u00e9e de donn\u00e9es. En raison du caract\u00e8re nominatif d\u2019une adresse \u00e9lectronique, et du caract\u00e8re priv\u00e9 et confidentiel du courrier, les utilisateurs sont inform\u00e9s qu\u2019ils disposent d\u2019un droit d\u2019acc\u00e8s aux informations nominatives les concernant et d\u2019un droit de rectification en vertu des dispositions de la loi du 6 janvier 1978 pr\u00e9cit\u00e9e.<\/p>\n\n\n\n<p class=\"wp-block-paragraph\"><strong>Que sont les traitements de donn\u00e9es \u00e0 caract\u00e8re personnel ?<\/strong><\/p>\n\n\n\n<p class=\"wp-block-paragraph\">Ce sont tous les traitements manuels ou informatis\u00e9s relatifs \u00e0 des donn\u00e9es permettant d&rsquo;identifier directement ou indirectement des personnes physiques (par exemple l&rsquo;utilisation de donn\u00e9es telles que : nom pr\u00e9nom, photographie, e-mail nominatif, num\u00e9ro d&rsquo;identification, donn\u00e9es de localisation, donn\u00e9es propres \u00e0 l&rsquo;identit\u00e9 physique, physiologique, \u00e9conomique d&rsquo;une personne\u2026)<br><br><strong>La Politique de confidentialit\u00e9 de Golfe de Saint-Tropez D\u00e9veloppement<\/strong><\/p>\n\n\n\n<p class=\"wp-block-paragraph\">La pr\u00e9sente Politique de confidentialit\u00e9 a pour objet de vous informer de mani\u00e8re g\u00e9n\u00e9rale sur la gestion des traitements r\u00e9alis\u00e9s sous la responsabilit\u00e9 de Golfe de Saint-Tropez D\u00e9veloppement avec vos donn\u00e9es, sur vos droits et sur les modalit\u00e9s d&rsquo;exercice de ces droits.<br><br><strong>Comprendre le traitement qui est fait de vos donn\u00e9es personnelles<\/strong><\/p>\n\n\n\n<p class=\"wp-block-paragraph\">Pour que les informations concernant le traitement soient compr\u00e9hensibles et lisibles, elles sont fournies au public au moment et \u00e0 l&rsquo;endroit o\u00f9 nous collectons une donn\u00e9e personnelle, au travers de l&rsquo;utilisation de ce site internet. Cela doit permettre au public d&rsquo;en comprendre l&rsquo;objectif et de l&rsquo;aider \u00e0 assurer la ma\u00eetrise de ses donn\u00e9es en facilitant l&rsquo;exercice de ses droits (opposition, acc\u00e8s, rectification, effacement, limitation, portabilit\u00e9).<br>Ces informations d\u00e9crites dans les \u00ab\u00a0mentions d&rsquo;information RGPD\u00a0\u00bb lors de la collecte concernent :<\/p>\n\n\n\n<ul class=\"wp-block-list\">\n<li>Le but de la collecte des donn\u00e9es<\/li>\n\n\n\n<li>Ce qui nous autorise \u00e0 collecter et traiter vos donn\u00e9es personnelles (soit le fondement du traitement)<\/li>\n\n\n\n<li>Le(s) service(s) ou entit\u00e9(s), interne(s) et\/ou externe(s) \u00e0 la collectivit\u00e9, pouvant avoir acc\u00e8s \u00e0 ces donn\u00e9es (soit le(s) destinataire(s) des donn\u00e9es collect\u00e9es)<\/li>\n\n\n\n<li>La dur\u00e9e pendant laquelle nous conservons vos donn\u00e9es au sein de la collectivit\u00e9<\/li>\n\n\n\n<li>L&rsquo;existence d&rsquo;un transfert des donn\u00e9es hors de l&rsquo;UE<\/li>\n\n\n\n<li>Les droits que vous poss\u00e9dez vis-\u00e0-vis de ces donn\u00e9es ainsi que les modalit\u00e9s d&rsquo;exercice de ces droits<\/li>\n<\/ul>\n\n\n\n<p class=\"wp-block-paragraph\"><strong>Vos droits sur vos donn\u00e9es personnelles<\/strong><\/p>\n\n\n\n<p class=\"wp-block-paragraph\">La r\u00e9glementation relative \u00e0 la protection des donn\u00e9es \u00e0 caract\u00e8re personnel reconnait certains droits \u00e0 la personne dont des donn\u00e9es personnelles sont trait\u00e9es. Pour exercer vos droits, ci-dessous list\u00e9s, vous disposez de 3 moyens :<\/p>\n\n\n\n<ul class=\"wp-block-list\">\n<li>Par mail \u00e0 l&rsquo;adresse de Golfe de Saint-Tropez D\u00e9veloppement : <a href=\"mailto:info@visitgolfe.com\">info@visitgolfe.com<\/a> (en joignant une copie de votre pi\u00e8ce d&rsquo;identit\u00e9 si des doutes peuvent exister sur votre identification)<\/li>\n\n\n\n<li>Par courrier adress\u00e9 au service g\u00e9rant votre traitement (en joignant une copie de votre pi\u00e8ce d&rsquo;identit\u00e9 si des doutes peuvent exister sur votre identification)<\/li>\n\n\n\n<li>En vous adressant directement \u00e0 l&rsquo;accueil de Golfe de Saint-Tropez D\u00e9veloppement<\/li>\n<\/ul>\n\n\n\n<p class=\"wp-block-paragraph\">Nous vous r\u00e9pondrons, en principe, dans un d\u00e9lai de 1 mois \u00e0 compter de la r\u00e9ception de la demande. Mais par exception, ce d\u00e9lai sera prolong\u00e9 jusqu&rsquo;\u00e0 3 mois en cas de demande complexe ou s&rsquo;il existe un grand nombre de demande en cours. Nous vous informerons pendant le d\u00e9lai de 1 mois des raisons de l&rsquo;\u00e9ventuelle prolongation du d\u00e9lai.<br><br><strong>Droit d&rsquo;acc\u00e8s<\/strong><\/p>\n\n\n\n<p class=\"wp-block-paragraph\">Vous pouvez nous demander de vous communiquer les donn\u00e9es personnelles vous concernant, que nous poss\u00e9dons. Il nous est possible de ne pas r\u00e9pondre favorablement \u00e0 votre demande dans plusieurs cas :<\/p>\n\n\n\n<ul class=\"wp-block-list\">\n<li>Votre demande est \u00ab\u00a0infond\u00e9e\u00a0\u00bb<\/li>\n\n\n\n<li>Votre demande est \u00ab\u00a0excessive\u00a0\u00bb<\/li>\n\n\n\n<li>Votre demande limite des droits d&rsquo;autres individus (par exemple, le droit d&rsquo;auteur ou si la communication de donn\u00e9es personnelles concernant un tiers n&rsquo;est pas \u00e9vitable)<\/li>\n<\/ul>\n\n\n\n<p class=\"wp-block-paragraph\"><br><strong>Droit de rectification<\/strong><\/p>\n\n\n\n<p class=\"wp-block-paragraph\">Vous pouvez nous demander de modifier vos donn\u00e9es personnelles qui sont inexactes ou incompl\u00e8tes.<br><br><strong>Droit \u00e0 l&rsquo;effacement<\/strong><\/p>\n\n\n\n<p class=\"wp-block-paragraph\">Vous pouvez nous demander de supprimer vos donn\u00e9es personnelles, \u00e0 condition d&rsquo;\u00eatre dans l&rsquo;une des situations suivantes :<\/p>\n\n\n\n<ul class=\"wp-block-list\">\n<li>Vos donn\u00e9es ne sont plus n\u00e9cessaires au but du traitement \u00e9tabli au d\u00e9part<\/li>\n\n\n\n<li>Vous retirez votre consentement \u00e0 l&rsquo;utilisation de vos donn\u00e9es, dans les cas o\u00f9 le traitement est fond\u00e9 sur votre consentement<\/li>\n\n\n\n<li>Vous vous opposez au traitement de vos donn\u00e9es personnelles, dans les cas o\u00f9 ce droit vous est reconnu (cf. Le droit d&rsquo;opposition)<\/li>\n\n\n\n<li>Vos donn\u00e9es font l&rsquo;objet d&rsquo;un traitement illicite<\/li>\n\n\n\n<li>Vos donn\u00e9es doivent \u00eatre effac\u00e9es pour respecter une obligation l\u00e9gale<\/li>\n<\/ul>\n\n\n\n<p class=\"wp-block-paragraph\">Lors de votre demande de suppression, il est important de nous pr\u00e9ciser quelles donn\u00e9es vous souhaitez voir effac\u00e9es.<br><br><strong>Droit d&rsquo;opposition<\/strong><\/p>\n\n\n\n<p class=\"wp-block-paragraph\">Ce droit vous permet de vous opposer \u00e0 un traitement qui est effectu\u00e9 pour un objectif pr\u00e9cis, \u00e0 la condition que vous justifiez de \u00ab\u00a0raisons tenant \u00e0 votre situation particuli\u00e8re\u00a0\u00bb. Nous pouvons vous refuser votre demande d&rsquo;opposition dans certains cas, notamment :<\/p>\n\n\n\n<ul class=\"wp-block-list\">\n<li>Des motifs l\u00e9gitimes et imp\u00e9rieux \u00e0 traiter vos donn\u00e9es existent<\/li>\n\n\n\n<li>Vos donn\u00e9es sont n\u00e9cessaires \u00e0 la constatation, \u00e0 l&rsquo;exercice ou \u00e0 la d\u00e9fense de droits en justice<\/li>\n\n\n\n<li>Une obligation l\u00e9gale nous impose de traiter vos donn\u00e9es<\/li>\n<\/ul>\n\n\n\n<p class=\"wp-block-paragraph\"><br><strong>Droit \u00e0 la portabilit\u00e9<\/strong><\/p>\n\n\n\n<p class=\"wp-block-paragraph\">Ce droit vous permet d&rsquo;obtenir une partie de vos donn\u00e9es personnelles dans un format lisible par la machine. Mais ce droit est limit\u00e9 puisqu&rsquo;il ne s&rsquo;applique :<\/p>\n\n\n\n<ul class=\"wp-block-list\">\n<li>Qu&rsquo;aux donn\u00e9es que vous nous avez fournies<\/li>\n\n\n\n<li>Dont le traitement est automatis\u00e9<\/li>\n\n\n\n<li>Dont le traitement repose sur votre consentement.<\/li>\n<\/ul>\n\n\n\n<p class=\"wp-block-paragraph\">Par ailleurs, l&rsquo;exercice de ce droit ne doit pas porter atteinte aux droits et libert\u00e9s de tiers.<br><br><strong>Droit de choisir le sort de vos donn\u00e9es apr\u00e8s votre mort<\/strong><\/p>\n\n\n\n<p class=\"wp-block-paragraph\">Conform\u00e9ment \u00e0 l&rsquo;article 85 de la loi Informatique et libert\u00e9s, \u00ab\u00a0toute personne peut d\u00e9finir des directives relatives \u00e0 la conservation, \u00e0 l&rsquo;effacement et \u00e0 la communication de ses donn\u00e9es \u00e0 caract\u00e8re personnel apr\u00e8s son d\u00e9c\u00e8s\u00a0\u00bb.<br>Une personne peut \u00eatre d\u00e9sign\u00e9e pour ex\u00e9cuter ces directives<\/p>\n\n\n\n<ul class=\"wp-block-list\">\n<li>Si les directives sont g\u00e9n\u00e9rales, c&rsquo;est-\u00e0-dire qu&rsquo;elles portent sur l&rsquo;ensemble des donn\u00e9es du d\u00e9funt, elles peuvent \u00eatre confi\u00e9es \u00e0 un tiers de confiance certifi\u00e9 par la CNIL<\/li>\n\n\n\n<li>Si les directives sont particuli\u00e8res, c&rsquo;est-\u00e0-dire qu&rsquo;elles ne portent que sur certains traitements de donn\u00e9es, elles peuvent \u00eatre confi\u00e9es aux responsables de traitements. Dans ce cas, la personne concern\u00e9e doit donner un consentement sp\u00e9cifique et accepter les conditions g\u00e9n\u00e9rales d&rsquo;utilisation du traitement<\/li>\n\n\n\n<li>\u00c0 d\u00e9faut, ce sont les h\u00e9ritiers du d\u00e9funt qui ont qualit\u00e9 pour acc\u00e9der aux directives et les faire appliquer. L&rsquo;h\u00e9ritier doit justifier de son identit\u00e9 ainsi qu&rsquo;apporter la preuve de sa qualit\u00e9 d&rsquo;h\u00e9ritier par la production d&rsquo;un acte de notori\u00e9t\u00e9 ou d&rsquo;un livret de famille.<\/li>\n<\/ul>\n\n\n\n<p class=\"wp-block-paragraph\"><strong>Droit de faire r\u00e9clamation aupr\u00e8s de la CNIL<\/strong><\/p>\n\n\n\n<p class=\"wp-block-paragraph\">Si vous pensez que vos droits ne sont pas respect\u00e9s vous pouvez faire une r\u00e9clamation aupr\u00e8s de l&rsquo;autorit\u00e9 de contr\u00f4le de la protection des donn\u00e9es personnelles (CNIL).<\/p>\n\n\n\n<p class=\"wp-block-paragraph\"><br><strong>LIENS HYPERTEXTES ET COOKIES<\/strong><\/p>\n\n\n\n<p class=\"wp-block-paragraph\">Le site www.amusezvous.net contient un certain nombre de liens hypertextes vers d\u2019autres sites, mis en place avec l\u2019autorisation de Golfe de Saint-Tropez D\u00e9veloppement. Cependant, Golfe de Saint-Tropez D\u00e9veloppement n\u2019a pas la possibilit\u00e9 de v\u00e9rifier le contenu des sites ainsi visit\u00e9s, et n\u2019assumera en cons\u00e9quence aucune responsabilit\u00e9 de ce fait. La navigation sur le site www.amusezvous.net est susceptible de provoquer l\u2019installation de cookie(s) sur l\u2019ordinateur de l\u2019utilisateur.<\/p>\n\n\n\n<p class=\"wp-block-paragraph\">Ce site utilise Google Analytics, un service d\u2019analyse de site Internet fourni par&nbsp;l&rsquo;entreprise Google, filiale du groupe Alphabet. Google Analytics utilise des cookies, qui sont des fichiers texte plac\u00e9s sur votre ordinateur, pour aider le site internet \u00e0 analyser l\u2019utilisation du site par ses utilisateurs. Les donn\u00e9es g\u00e9n\u00e9r\u00e9es par les cookies concernant votre utilisation du site (sauf votre adresse IP compl\u00e8te) seront transmises et stock\u00e9es par Google sur des serveurs situ\u00e9s aux Etats-Unis. Google utilisera cette information dans le but d\u2019\u00e9valuer votre utilisation du site, de compiler des rapports sur l\u2019activit\u00e9 du site \u00e0 destination de son \u00e9diteur et de fournir d\u2019autres services relatifs \u00e0 l\u2019activit\u00e9 du site et \u00e0 l\u2019utilisation d\u2019Internet. Google est susceptible de communiquer ces donn\u00e9es \u00e0 des tiers en cas d\u2019obligation l\u00e9gale ou lorsque ces tiers traitent ces donn\u00e9es pour le compte de Google, y compris notamment l\u2019\u00e9diteur de ce site. Google ne recoupera pas votre adresse IP avec toute autre donn\u00e9e d\u00e9tenue par Google. Vous pouvez d\u00e9sactiver l\u2019utilisation de cookies en s\u00e9lectionnant les param\u00e8tres appropri\u00e9s de votre navigateur. Cependant, une telle d\u00e9sactivation pourrait emp\u00eacher l\u2019utilisation de certaines fonctionnalit\u00e9s de ce site. En utilisant ce site Internet, vous consentez express\u00e9ment au traitement de vos donn\u00e9es anonymis\u00e9es par Google dans les conditions et pour les finalit\u00e9s d\u00e9crites ci-dessus.<\/p>\n\n\n\n<p class=\"wp-block-paragraph\"><br><strong>DROIT APPLICABLE ET ATTRIBUTION DE JURIDICTION<\/strong><\/p>\n\n\n\n<p class=\"wp-block-paragraph\">Tout litige en relation avec l\u2019utilisation du site www.amusezvous.net est soumis au droit fran\u00e7ais. Il est fait attribution exclusive de juridiction aux tribunaux comp\u00e9tents de Paris.<\/p>\n\n\n\n<p class=\"wp-block-paragraph\"><br><strong>LES PRINCIPALES LOIS CONCERN\u00c9ES<\/strong><\/p>\n\n\n\n<p class=\"wp-block-paragraph\">Loi n\u00b0 78-87 du 6 janvier 1978, notamment modifi\u00e9e par la loi n\u00b0 2004-801 du 6 ao\u00fbt 2004 relative \u00e0 l\u2019informatique, aux fichiers et aux libert\u00e9s. Loi n\u00b02004-575 du 21 juin 2004 pour la confiance dans l\u2019\u00e9conomie num\u00e9rique.<\/p>\n<\/div>\n","protected":false},"excerpt":{"rendered":"<p>TRAITEMENT ET GESTION DES DONN\u00c9ES PERSONNELLES Les donn\u00e9es personnelles recueillies sur le site r\u00e9sultent de la communication volontaire d\u2019une adresse&#8230;<\/p>\n","protected":false},"author":7,"featured_media":0,"parent":0,"menu_order":113,"comment_status":"closed","ping_status":"closed","template":"","meta":{"_acf_changed":false,"_crdt_document":"","footnotes":""},"class_list":["post-156","page","type-page","status-publish","hentry"],"acf":[],"_links":{"self":[{"href":"https:\/\/www.amusezvous.net\/fr\/wp-json\/wp\/v2\/pages\/156","targetHints":{"allow":["GET"]}}],"collection":[{"href":"https:\/\/www.amusezvous.net\/fr\/wp-json\/wp\/v2\/pages"}],"about":[{"href":"https:\/\/www.amusezvous.net\/fr\/wp-json\/wp\/v2\/types\/page"}],"author":[{"embeddable":true,"href":"https:\/\/www.amusezvous.net\/fr\/wp-json\/wp\/v2\/users\/7"}],"replies":[{"embeddable":true,"href":"https:\/\/www.amusezvous.net\/fr\/wp-json\/wp\/v2\/comments?post=156"}],"version-history":[{"count":5,"href":"https:\/\/www.amusezvous.net\/fr\/wp-json\/wp\/v2\/pages\/156\/revisions"}],"predecessor-version":[{"id":2345,"href":"https:\/\/www.amusezvous.net\/fr\/wp-json\/wp\/v2\/pages\/156\/revisions\/2345"}],"wp:attachment":[{"href":"https:\/\/www.amusezvous.net\/fr\/wp-json\/wp\/v2\/media?parent=156"}],"curies":[{"name":"wp","href":"https:\/\/api.w.org\/{rel}","templated":true}]}}