{"id":154,"date":"2023-02-22T09:45:32","date_gmt":"2023-02-22T09:45:32","guid":{"rendered":"https:\/\/www.amusezvous.net\/?page_id=154"},"modified":"2026-01-06T11:23:19","modified_gmt":"2026-01-06T11:23:19","slug":"conditions-generales-de-vente","status":"publish","type":"page","link":"https:\/\/www.amusezvous.net\/fr\/conditions-generales-de-vente","title":{"rendered":"Conditions g\u00e9n\u00e9rales de vente"},"content":{"rendered":"\n<div class=\"wp-block-group is-layout-flow wp-block-group-is-layout-flow\">\n<p class=\"wp-block-paragraph\">Conditions g\u00e9n\u00e9rales de ventes loisirs web \u2013 Golfe de Saint-Tropez D\u00e9veloppement<\/p>\n\n\n\n<p class=\"wp-block-paragraph\"><strong>Article 1 : Objet<\/strong><\/p>\n\n\n\n<p class=\"wp-block-paragraph\">Les pr\u00e9sentes conditions g\u00e9n\u00e9rales de vente d\u00e9terminent les droits et obligations entre le vendeur (ci-apr\u00e8s le \u00ab&nbsp;<strong>Prestataire<\/strong> \u00bb) et le client (ci-apr\u00e8s le \u00ab&nbsp;<strong>Client<\/strong>&nbsp;\u00bb) sur le site internet <a href=\"http:\/\/www.amusezvous.net\">www.amusezvous.net<\/a> ou sur tout autre support de vente li\u00e9 \u00e0 l\u2019op\u00e9ration \u00ab Amusez-vous \u00bb Golfe de Saint-Tropez.<\/p>\n\n\n\n<p class=\"wp-block-paragraph\">Golfe de Saint-Tropez D\u00e9veloppement, Soci\u00e9t\u00e9 Publique Locale, immatricul\u00e9e au registre des op\u00e9rateurs de voyages et de s\u00e9jours tenu par Atout France sous le n\u00b0 IM083110008 au capital social de 122 512 \u20ac et dont le si\u00e8ge social&nbsp; se situe au 2 rue Blaise Pascal &#8211; H\u00f4tel Communautaire &#8211; 83310 Cogolin (Siret : 389 339 581 000 &nbsp;24) (ci-apr\u00e8s la \u00ab&nbsp;<strong>SPL GSTD<\/strong>&nbsp;\u00bb) agit en tant qu\u2019interm\u00e9diaire pour mettre en relation le Client et le Prestataire d\u2019activit\u00e9 sur le site e-commerce <a href=\"http:\/\/www.amusezvous.net\">www.amusezvous.net<\/a> (ci-apr\u00e8s la \u00ab&nbsp;<strong>Plateforme<\/strong>&nbsp;\u00bb), utilisant le syst\u00e8me de gestion des r\u00e9servations Regiondo.<\/p>\n\n\n\n<p class=\"wp-block-paragraph\">La <strong>SPL GSTD<\/strong> n\u2019agit donc, ni en qualit\u00e9 de vendeur, ni en qualit\u00e9 d\u2019organisateur des prestations commercialis\u00e9e par le Prestataire au sens du Code du tourisme, de sorte que les dispositions du Code du tourisme ne lui sont pas applicables au titre des prestations vendues sur la Plateforme.<\/p>\n\n\n\n<p class=\"wp-block-paragraph\">La Plateforme \u00e9tant un syst\u00e8me internet <em>Distribution System<\/em> appel\u00e9 Place de march\u00e9 sur lequel le Prestataire commercialise directement ses prestations au Client, aucune responsabilit\u00e9 ne peut \u00eatre engag\u00e9e par la SPL GSTD au titre des prestations qui y sont vendues&nbsp;\/r\u00e9serv\u00e9es.<\/p>\n\n\n\n<p class=\"wp-block-paragraph\"><strong>Article 2 : Dispositions g\u00e9n\u00e9rales<\/strong><\/p>\n\n\n\n<p class=\"wp-block-paragraph\">Le Client d\u00e9clare avoir pris connaissance de l\u2019ensemble des pr\u00e9sentes conditions g\u00e9n\u00e9rales de vente, et les accepter sans restriction ni r\u00e9serve.<\/p>\n\n\n\n<p class=\"wp-block-paragraph\"><strong>Article 3 : Information du client<\/strong><\/p>\n\n\n\n<p class=\"wp-block-paragraph\">Le Client reconnait avoir re\u00e7u toutes les informations essentielles sur l\u2019activit\u00e9 command\u00e9e.<\/p>\n\n\n\n<p class=\"wp-block-paragraph\">Les caract\u00e9ristiques principales des prestations aff\u00e9rentes \u00e0 l\u2019activit\u00e9 vendue par chaque Prestataire sont d\u00e9crites sur la Plateforme ainsi que sur tout autre support de vente li\u00e9 \u00e0 l\u2019op\u00e9ration \u00ab\u00a0Amusez-vous\u00a0\u00bb Golfe de Saint-Tropez.<\/p>\n\n\n\n<p class=\"wp-block-paragraph\">Le Prestataire est seul responsable de la bonne ex\u00e9cution des services propos\u00e9s. Le Client re\u00e7oit par e-mail la validation de sa commande suivie de la confirmation apr\u00e8s validation du Prestataire sur la faisabilit\u00e9 de l\u2019activit\u00e9 et choix du cr\u00e9neau horaire.<\/p>\n\n\n\n<p class=\"wp-block-paragraph\"><strong>Article 4 : Tarifs<\/strong><\/p>\n\n\n\n<p class=\"wp-block-paragraph\">Les prix des activit\u00e9s mis en avant sur la Plateforme sont indiqu\u00e9s en euros et en TTC, hors extras.<\/p>\n\n\n\n<p class=\"wp-block-paragraph\"><strong>Article 5 : Contrat en ligne<\/strong><\/p>\n\n\n\n<p class=\"wp-block-paragraph\">Pour pouvoir commander une prestation sur la Plateforme, le Client doit \u00eatre majeur et avoir la pleine capacit\u00e9 juridique de s\u2019engager au titre des pr\u00e9sentes conditions g\u00e9n\u00e9rales de vente et des conditions particuli\u00e8res command\u00e9es.<\/p>\n\n\n\n<p class=\"wp-block-paragraph\">En commandant une prestation sur la Plateforme, le Client s\u2019assure de l\u2019exactitude des renseignements concernant ses donn\u00e9es personnelles (conform\u00e9ment \u00e0 l\u2019article 1366 du Code civil), le choix de la prestation, la date choisie et le cr\u00e9neau horaire.<\/p>\n\n\n\n<p class=\"wp-block-paragraph\"><strong>Article 6 : Paiement<\/strong><\/p>\n\n\n\n<p class=\"wp-block-paragraph\">Le paiement est exigible \u00e0 la commande. Le Client peut effectuer le r\u00e8glement par carte bancaire (Visa, Mastercard ou Amex) via la plateforme de paiement en ligne s\u00e9curis\u00e9 Stripe.<\/p>\n\n\n\n<p class=\"wp-block-paragraph\">Conform\u00e9ment aux dispositions du code mon\u00e9taire et financier, en communiquant ses donn\u00e9es bancaires lors de la transaction, le Client autorise le Prestataire \u00e0 d\u00e9biter sa carte du montant indiqu\u00e9 dans la commande. Le Client confirme qu\u2019il est bien le titulaire de la carte bancaire et qu\u2019il a l\u00e9galement le droit d\u2019en faire usage. En cas d\u2019interruption de la commande avant validation du paiement, ou erreur \u00e9ventuelle, la commande est automatiquement annul\u00e9e. Le site www.amusezvous.net via la plateforme de paiement en ligne s\u00e9curis\u00e9 Stripe dispose d\u2019un niveau de s\u00e9curit\u00e9 de type 3D secure, qui s\u00e9curise les transactions avec confirmation de chaque paiement.<\/p>\n\n\n\n<p class=\"wp-block-paragraph\"><strong>Article 7 : Absence de droit de r\u00e9tractation<\/strong><\/p>\n\n\n\n<p class=\"wp-block-paragraph\">Conform\u00e9ment \u00e0 l\u2019article L.221-28 12\u00b0 du Code de la consommation, le droit de r\u00e9tractation ne peut \u00eatre exerc\u00e9 pour les \u00ab <em>prestations [\u2026] d&rsquo;activit\u00e9s de loisirs qui doivent \u00eatre fournis \u00e0 une date ou \u00e0 une p\u00e9riode d\u00e9termin\u00e9e<\/em> \u00bb.<\/p>\n\n\n\n<p class=\"wp-block-paragraph\"><strong>Article 8 : Conditions d\u2019annulation et remboursement<\/strong><\/p>\n\n\n\n<p class=\"wp-block-paragraph\">La politique d\u2019annulation et de remboursement applicable est celle du Prestataire. En cas d\u2019absence, la politique d\u2019annulation et de remboursement de la SPL GSTD s\u2019appliquera :<\/p>\n\n\n\n<ul class=\"wp-block-list\">\n<li><strong><u>En cas d\u2019annulation par le Prestataire<\/u><\/strong> : le Prestataire se r\u00e9serve le droit d\u2019annuler la prestation s\u2019il le juge n\u00e9cessaire. Dans ce cas, le Client se verra proposer un report de date. Si le report n\u2019est pas possible, le Client sera rembours\u00e9. Des frais de dossier de 3% peuvent \u00eatre appliqu\u00e9s par le Prestataire.<\/li>\n\n\n\n<li><strong><u>En cas d\u2019annulation par le Client<\/u><\/strong> : les conditions d\u2019annulation peuvent varier selon la prestation. Un report de date sera propos\u00e9. Aucune demande de remboursement ne pourra \u00eatre accept\u00e9e par le Prestataire 24h avant la date de la prestation sauf cas exceptionnels valid\u00e9s par le Prestataire. Des frais de dossier de 3% peuvent \u00eatre appliqu\u00e9s par le Prestataire.<\/li>\n<\/ul>\n\n\n\n<p class=\"wp-block-paragraph\"><strong><u>Ch\u00e8que cadeau ou bon cadeau<\/u><\/strong> : non annulable et non remboursable.<\/p>\n\n\n\n<p class=\"wp-block-paragraph\"><strong><u>Billet Aqualand ou Pass Azur Park<\/u><\/strong> : non annulable et non remboursable.<\/p>\n\n\n\n<p class=\"wp-block-paragraph\"><strong>Article 9&nbsp;: Responsabilit\u00e9<\/strong><\/p>\n\n\n\n<p class=\"wp-block-paragraph\">La SPL GSTD rappelle qu\u2019elle intervient en qualit\u00e9 d\u2019interm\u00e9diaire pour mettre en relation le Client et le Prestataire d\u2019activit\u00e9s via la Plateforme.<\/p>\n\n\n\n<p class=\"wp-block-paragraph\">Le Client reconnait et accepte express\u00e9ment que la SPL GSTD n\u2019est tenue aux termes des pr\u00e9sentes qu\u2019\u00e0 une obligation de moyen et non de r\u00e9sultat.<\/p>\n\n\n\n<p class=\"wp-block-paragraph\">Le d\u00e9roulement des activit\u00e9s contractualis\u00e9es via la Plateforme r\u00e9sulte exclusivement de l&rsquo;accord intervenu entre le Prestataire et le Client qui agissent sous leur seule et enti\u00e8re responsabilit\u00e9.<\/p>\n\n\n\n<p class=\"wp-block-paragraph\">A ce titre, le d\u00e9roulement effectif des activit\u00e9s propos\u00e9es par le Prestataire et accept\u00e9es par le Client ne saurait entrainer de responsabilit\u00e9 imputable \u00e0 la SPL GSTD, sur quelque fondement que ce soit.<\/p>\n\n\n\n<p class=\"wp-block-paragraph\">La responsabilit\u00e9 de la SPL GSTD ne peut notamment pas \u00eatre engag\u00e9e en raison d&rsquo;un incident qui serait survenu pour des raisons telles que&nbsp;:<\/p>\n\n\n\n<ul class=\"wp-block-list\">\n<li>la communication par le Client d&rsquo;informations erron\u00e9es ;<\/li>\n\n\n\n<li>la communication par le Prestataire d\u2019informations erron\u00e9es, confuses ou incompl\u00e8tes concernant l\u2019activit\u00e9 ou son profil Prestataire sur la Plateforme ;<\/li>\n\n\n\n<li>le comportement frauduleux ou la faute du Client et\/ ou du Prestataire pendant, avant, ou apr\u00e8s l\u2019activit\u00e9.<\/li>\n<\/ul>\n\n\n\n<p class=\"wp-block-paragraph\"><strong>Article 10 \u2013 Donn\u00e9es personnelles<\/strong><\/p>\n\n\n\n<p class=\"wp-block-paragraph\">Toute r\u00e9servation d\u2019activit\u00e9 aupr\u00e8s d\u2019un Prestataire fera l\u2019objet d\u2019un enregistrement accessible par le Client sur simple demande \u00e0 l\u2019adresse suivante&nbsp;: <a href=\"https:\/\/www.golfe-saint-tropez-information.com\/fr\/contact\/form\">info@visitgolfe.com<\/a> ou aupr\u00e8s du Prestataire vendeur.<\/p>\n\n\n\n<p class=\"wp-block-paragraph\">Conform\u00e9ment \u00e0 la Loi 78-17 \u00ab&nbsp;Informatique et Libert\u00e9s&nbsp;\u00bb du 6 janvier 1978 modifi\u00e9e, le Client dispose d\u2019un droit d\u2019acc\u00e8s, de rectification et d\u2019opposition aux donn\u00e9es personnelles trait\u00e9es le concernant.<\/p>\n\n\n\n<p class=\"wp-block-paragraph\">Le Client peut \u00e9galement refuser le traitement, solliciter une limitation de celui-ci ou demander la suppression (dans les limites des dur\u00e9es l\u00e9gales de conservation) des donn\u00e9es \u00e0 caract\u00e8re personnel.<\/p>\n\n\n\n<p class=\"wp-block-paragraph\">Ce droit peut \u00eatre exerc\u00e9 sur simple demande \u00e9crite \u00e0 l\u2019adresse&nbsp;<a href=\"https:\/\/www.golfe-saint-tropez-information.com\/fr\/contact\/form\">info@visitgolfe.com<\/a> ou aupr\u00e8s du Prestataire vendeur qui r\u00e9pondra aux demandes formul\u00e9es.<\/p>\n\n\n\n<p class=\"wp-block-paragraph\">La finalit\u00e9 du traitement des donn\u00e9es personnelles collect\u00e9es correspond aux obligations relatives aux prestations r\u00e9alis\u00e9es par les Prestataires usagers du site internet <a href=\"https:\/\/www.amusezvous.net\">https:\/\/www.amusezvous.net<\/a> (gestion clients, fonctionnalit\u00e9s techniques du site, fonctionnement des services du site, comptabilit\u00e9\u2026).<\/p>\n\n\n\n<p class=\"wp-block-paragraph\">Certaines donn\u00e9es personnelles peuvent \u00eatre collect\u00e9es pour des services fournis par des sous-traitants et fournisseurs des Prestataires utilisateurs du site internet <a href=\"https:\/\/www.amusezvous.net\">https:\/\/www.amusezvous.net<\/a>. La liste de ces sous-traitants et prestataires de peut \u00eatre communiqu\u00e9e aux personnes concern\u00e9es sur simple demande adress\u00e9e \u00e0 <a href=\"https:\/\/www.golfe-saint-tropez-information.com\/fr\/contact\/form\">info@visitgolfe.com<\/a>.<\/p>\n\n\n\n<p class=\"wp-block-paragraph\"><strong>Article 11&nbsp;: Propri\u00e9t\u00e9 intellectuelle<\/strong><\/p>\n\n\n\n<p class=\"wp-block-paragraph\">Le contenu de la Plateforme est la propri\u00e9t\u00e9 exclusive de la SPL GSTD&nbsp;; il est prot\u00e9g\u00e9 par les lois fran\u00e7aises et internationales relatives \u00e0 la propri\u00e9t\u00e9 intellectuelle.<\/p>\n\n\n\n<p class=\"wp-block-paragraph\">Les droits conf\u00e9r\u00e9s au Client et\/ou au Prestataire en vue de l\u2019utilisation de la Plateforme et de son service n\u2019emportent aucune cession, ni aucune autorisation d\u2019exploiter ou utiliser l\u2019un quelconque des \u00e9l\u00e9ments de la Plateforme.<\/p>\n\n\n\n<p class=\"wp-block-paragraph\">Par cons\u00e9quent, sauf autorisation pr\u00e9alable et \u00e9crite de la SPL GSTD, le au Client et\/ou le Prestataire ne peut pas proc\u00e9der \u00e0 une quelconque reproduction, repr\u00e9sentation, r\u00e9\u00e9dition, redistribution, adaptation, traduction et\/ou transformation partielle ou int\u00e9grale, ou un transfert sur un autre site web de tout \u00e9l\u00e9ment composant et pr\u00e9sent sur la Plateforme.<\/p>\n\n\n\n<p class=\"wp-block-paragraph\">Le Client et\/ou le Prestataire s\u2019engage \u00e0 ne pas soumettre, copier, revendre, r\u00e9\u00e9diter et en g\u00e9n\u00e9ral, rendre disponible par quelque forme que ce soit toute information ou \u00e9l\u00e9ment re\u00e7u de la SPL GSTD ou disponible sur la Plateforme, \u00e0 une autre personne physique ou morale, de tous pays.<\/p>\n\n\n\n<p class=\"wp-block-paragraph\"><strong>Article 12 : <u>Recours au M\u00e9diateur de la Consommation ou \u00e0 tout autre mode de r\u00e8glement amiable des diff\u00e9rends<\/u><\/strong><\/p>\n\n\n\n<p class=\"wp-block-paragraph\">Le Client est inform\u00e9 par la SPL GSTD de la possibilit\u00e9 de recourir, en cas de contestation relative aux pr\u00e9sentes conditions g\u00e9n\u00e9rales de vente, \u00e0 une proc\u00e9dure de m\u00e9diation conventionnelle ou \u00e0 tout autre mode alternatif de r\u00e8glement des diff\u00e9rends (conciliation&#8230;), dans les conditions pr\u00e9vues au Titre Ier du Livre VI du Code de la consommation.<\/p>\n\n\n\n<p class=\"wp-block-paragraph\">Apr\u00e8s avoir saisi la SPL GSTD et \u00e0 d\u00e9faut de r\u00e9ponse concluante dans un d\u00e9lai de 60 jours ou si la r\u00e9ponse est jug\u00e9e insuffisante, vous pouvez saisir le m\u00e9diateur aux coordonn\u00e9es ci-dessous ou sur son site internet. Vous pourrez \u00e9galement y retrouver les modalit\u00e9s de saisi.<\/p>\n\n\n\n<p class=\"wp-block-paragraph\">M\u00e9diateur&nbsp;: M\u00e9diateur du Tourisme et des Voyages (MTV)<\/p>\n\n\n\n<p class=\"wp-block-paragraph\">Adresse du si\u00e8ge social&nbsp;: 22 AVENUE FRANKLIN DELANO ROOSEVELT, 75008 PARIS<\/p>\n\n\n\n<p class=\"wp-block-paragraph\">Adresse de gestion&nbsp;: MTV M\u00e9diation tourisme voyage, BP 80 303 \u2013 75 823 Paris Cedex 17<\/p>\n\n\n\n<p class=\"wp-block-paragraph\">SIRET : 75146132800021<\/p>\n\n\n\n<p class=\"wp-block-paragraph\">Forme juridique : association d\u00e9clar\u00e9e<\/p>\n\n\n\n<p class=\"wp-block-paragraph\">Les modalit\u00e9s de saisine du m\u00e9diateur et ses coordonn\u00e9es sont disponibles en cliquant sur le lien suivant vous pouvez saisir le M\u00e9diateur du Tourisme et du Voyage aux coordonn\u00e9es ci-dessous ou sur son site internet (<a href=\"https:\/\/www.mtv.travel\/\">https:\/\/www.mtv.travel\/<\/a> ):<\/p>\n\n\n\n<p class=\"wp-block-paragraph\">MTV M\u00e9diation tourisme voyage, BP 80 303 \u2013 75 823 Paris Cedex 17.<\/p>\n\n\n\n<p class=\"wp-block-paragraph\">Vous pourrez \u00e9galement retrouver les modalit\u00e9s de saisi sur le site internet du M\u00e9diateur Tourisme Voyage (MTV)&nbsp;: <a href=\"https:\/\/www.mtv.travel\/\">https:\/\/www.mtv.travel\/<\/a><\/p>\n\n\n\n<p class=\"wp-block-paragraph\">Dans le cas o\u00f9 le service aurait \u00e9t\u00e9 achet\u00e9 en ligne, le Client a \u00e9galement la facult\u00e9, conform\u00e9ment \u00e0 l\u2019article 14.1 du r\u00e8glement (UE) n\u00b0524\/2013 du parlement europ\u00e9en et du conseil du 21 mai 2013, d\u2019introduire une r\u00e9clamation et de s\u00e9lectionner un organisme de r\u00e8glement des litiges sur le site internet suivant : https:\/\/webgate.ec.europa.eu\/odr\/main\/index.cfm?event=main.home.show&amp;lng=FR.<\/p>\n\n\n\n<p class=\"wp-block-paragraph\">Dans le cas o\u00f9 le service aurait \u00e9t\u00e9 achet\u00e9 en ligne, le Client a \u00e9galement la facult\u00e9, conform\u00e9ment \u00e0 l\u2019article 14.1 du r\u00e8glement (UE) n\u00b0524\/2013 du parlement europ\u00e9en et du conseil du 21 mai 2013, d\u2019introduire une r\u00e9clamation et de s\u00e9lectionner un organisme de r\u00e8glement des litiges sur le site internet suivant : https:\/\/webgate.ec.europa.eu\/odr\/main\/index.cfm?event=main.home.show&amp;lng=FR.<\/p>\n\n\n\n<p class=\"wp-block-paragraph\"><strong>Article 13&nbsp;: Loi applicable et Tribunaux comp\u00e9tents<\/strong><\/p>\n\n\n\n<p class=\"wp-block-paragraph\">Les pr\u00e9sentes conditions g\u00e9n\u00e9rales de vente sont soumises au droit fran\u00e7ais. Il en est ainsi pour les r\u00e8gles de fond comme pour les r\u00e8gles de forme.<\/p>\n\n\n\n<p class=\"wp-block-paragraph\">Tout litige portant sur l\u2019interpr\u00e9tation ou l\u2019ex\u00e9cution des pr\u00e9sentes conditions g\u00e9n\u00e9rales de vente sera port\u00e9 devant les juridictions fran\u00e7aises comp\u00e9tentes en vertu des articles 42 et suivants du Code de proc\u00e9dure civile.<\/p>\n\n\n\n<p class=\"wp-block-paragraph\"><strong>Article 14 \u2013 Liste d\u2019opposition au d\u00e9marchage t\u00e9l\u00e9phonique<\/strong> Conform\u00e9ment \u00e0 l\u2019article L.223-2 du Code de la consommation, le consommateur qui ne souhaite pas faire l&rsquo;objet de prospection commerciale par voie t\u00e9l\u00e9phonique peut gratuitement s&rsquo;inscrire sur une liste d&rsquo;opposition au d\u00e9marchage t\u00e9l\u00e9phonique. Cette liste est accessible via le site suivant :&nbsp;<a href=\"http:\/\/www.bloctel.gouv.fr\/\">www.bloctel.gouv.fr<\/a>.<\/p>\n\n\n\n<div class=\"wp-block-buttons is-content-justification-center is-layout-flex wp-container-core-buttons-is-layout-9b3e53d3 wp-block-buttons-is-layout-flex\">\n<div class=\"wp-block-button\"><a class=\"wp-block-button__link wp-element-button\" href=\"https:\/\/www.amusezvous.net\/app\/uploads\/2026\/01\/conditions-generales-de-vente-2025-2026.pdf\">Conditions g\u00e9n\u00e9rales de vente<\/a><\/div>\n<\/div>\n<\/div>\n","protected":false},"excerpt":{"rendered":"<p>Conditions g\u00e9n\u00e9rales de ventes loisirs web \u2013 Golfe de Saint-Tropez D\u00e9veloppement Article 1 : Objet Les pr\u00e9sentes conditions g\u00e9n\u00e9rales de&#8230;<\/p>\n","protected":false},"author":7,"featured_media":0,"parent":0,"menu_order":138,"comment_status":"closed","ping_status":"closed","template":"","meta":{"_acf_changed":false,"_crdt_document":"","footnotes":""},"class_list":["post-154","page","type-page","status-publish","hentry"],"acf":[],"_links":{"self":[{"href":"https:\/\/www.amusezvous.net\/fr\/wp-json\/wp\/v2\/pages\/154","targetHints":{"allow":["GET"]}}],"collection":[{"href":"https:\/\/www.amusezvous.net\/fr\/wp-json\/wp\/v2\/pages"}],"about":[{"href":"https:\/\/www.amusezvous.net\/fr\/wp-json\/wp\/v2\/types\/page"}],"author":[{"embeddable":true,"href":"https:\/\/www.amusezvous.net\/fr\/wp-json\/wp\/v2\/users\/7"}],"replies":[{"embeddable":true,"href":"https:\/\/www.amusezvous.net\/fr\/wp-json\/wp\/v2\/comments?post=154"}],"version-history":[{"count":9,"href":"https:\/\/www.amusezvous.net\/fr\/wp-json\/wp\/v2\/pages\/154\/revisions"}],"predecessor-version":[{"id":3543,"href":"https:\/\/www.amusezvous.net\/fr\/wp-json\/wp\/v2\/pages\/154\/revisions\/3543"}],"wp:attachment":[{"href":"https:\/\/www.amusezvous.net\/fr\/wp-json\/wp\/v2\/media?parent=154"}],"curies":[{"name":"wp","href":"https:\/\/api.w.org\/{rel}","templated":true}]}}