{"id":150,"date":"2023-02-22T09:45:03","date_gmt":"2023-02-22T09:45:03","guid":{"rendered":"https:\/\/www.amusezvous.net\/?page_id=150"},"modified":"2026-01-21T10:28:47","modified_gmt":"2026-01-21T10:28:47","slug":"participer-au-programme-revendeur","status":"publish","type":"page","link":"https:\/\/www.amusezvous.net\/fr\/participer-au-programme-revendeur","title":{"rendered":"Participer au programme diffuseur"},"content":{"rendered":"\n<div class=\"wp-block-group is-layout-flow wp-block-group-is-layout-flow\">\n<p class=\"wp-block-paragraph\">Vous \u00eates un h\u00e9bergement (h\u00f4tel, r\u00e9sidence, village vacances&#8230;) situ\u00e9 dans le Golfe de Saint-Tropez et vous souhaitez diffuser l&rsquo;offre Amusez-vous ?<\/p>\n\n\n\n<p class=\"wp-block-paragraph\">Contactez-nous au 04 94 55 23 33 elise@visitgolfe.com <\/p>\n<\/div>\n","protected":false},"excerpt":{"rendered":"<p>Vous \u00eates un h\u00e9bergement (h\u00f4tel, r\u00e9sidence, village vacances&#8230;) situ\u00e9 dans le Golfe de Saint-Tropez et vous souhaitez diffuser l&rsquo;offre Amusez-vous&#8230;<\/p>\n","protected":false},"author":7,"featured_media":0,"parent":0,"menu_order":141,"comment_status":"closed","ping_status":"closed","template":"","meta":{"_acf_changed":false,"_crdt_document":"","footnotes":""},"class_list":["post-150","page","type-page","status-publish","hentry"],"acf":[],"_links":{"self":[{"href":"https:\/\/www.amusezvous.net\/fr\/wp-json\/wp\/v2\/pages\/150","targetHints":{"allow":["GET"]}}],"collection":[{"href":"https:\/\/www.amusezvous.net\/fr\/wp-json\/wp\/v2\/pages"}],"about":[{"href":"https:\/\/www.amusezvous.net\/fr\/wp-json\/wp\/v2\/types\/page"}],"author":[{"embeddable":true,"href":"https:\/\/www.amusezvous.net\/fr\/wp-json\/wp\/v2\/users\/7"}],"replies":[{"embeddable":true,"href":"https:\/\/www.amusezvous.net\/fr\/wp-json\/wp\/v2\/comments?post=150"}],"version-history":[{"count":6,"href":"https:\/\/www.amusezvous.net\/fr\/wp-json\/wp\/v2\/pages\/150\/revisions"}],"predecessor-version":[{"id":3565,"href":"https:\/\/www.amusezvous.net\/fr\/wp-json\/wp\/v2\/pages\/150\/revisions\/3565"}],"wp:attachment":[{"href":"https:\/\/www.amusezvous.net\/fr\/wp-json\/wp\/v2\/media?parent=150"}],"curies":[{"name":"wp","href":"https:\/\/api.w.org\/{rel}","templated":true}]}}