{"id":148,"date":"2023-02-22T09:44:42","date_gmt":"2023-02-22T09:44:42","guid":{"rendered":"https:\/\/www.amusezvous.net\/?page_id=148"},"modified":"2025-04-03T10:18:31","modified_gmt":"2025-04-03T10:18:31","slug":"proposer-mon-activite-sur-amusez-vous","status":"publish","type":"page","link":"https:\/\/www.amusezvous.net\/fr\/proposer-mon-activite-sur-amusez-vous","title":{"rendered":"Proposer mon activit\u00e9"},"content":{"rendered":"\n<div class=\"wp-block-group is-layout-flow wp-block-group-is-layout-flow\">\n<p class=\"wp-block-paragraph\">Vous \u00eates un prestataire de loisirs situ\u00e9 dans le Golfe de Saint-Tropez et vous souhaitez proposer vos activit\u00e9s  via l&rsquo;offre Amusez-vous ?<\/p>\n\n\n\n<p class=\"wp-block-paragraph\">Contactez-nous au 04 94 55 23 33 elise@visitgolfe.com<\/p>\n<\/div>\n","protected":false},"excerpt":{"rendered":"<p>Vous \u00eates un prestataire de loisirs situ\u00e9 dans le Golfe de Saint-Tropez et vous souhaitez proposer vos activit\u00e9s via l&rsquo;offre&#8230;<\/p>\n","protected":false},"author":7,"featured_media":0,"parent":0,"menu_order":144,"comment_status":"closed","ping_status":"closed","template":"","meta":{"_acf_changed":false,"_crdt_document":"","footnotes":""},"class_list":["post-148","page","type-page","status-publish","hentry"],"acf":[],"_links":{"self":[{"href":"https:\/\/www.amusezvous.net\/fr\/wp-json\/wp\/v2\/pages\/148","targetHints":{"allow":["GET"]}}],"collection":[{"href":"https:\/\/www.amusezvous.net\/fr\/wp-json\/wp\/v2\/pages"}],"about":[{"href":"https:\/\/www.amusezvous.net\/fr\/wp-json\/wp\/v2\/types\/page"}],"author":[{"embeddable":true,"href":"https:\/\/www.amusezvous.net\/fr\/wp-json\/wp\/v2\/users\/7"}],"replies":[{"embeddable":true,"href":"https:\/\/www.amusezvous.net\/fr\/wp-json\/wp\/v2\/comments?post=148"}],"version-history":[{"count":7,"href":"https:\/\/www.amusezvous.net\/fr\/wp-json\/wp\/v2\/pages\/148\/revisions"}],"predecessor-version":[{"id":2352,"href":"https:\/\/www.amusezvous.net\/fr\/wp-json\/wp\/v2\/pages\/148\/revisions\/2352"}],"wp:attachment":[{"href":"https:\/\/www.amusezvous.net\/fr\/wp-json\/wp\/v2\/media?parent=148"}],"curies":[{"name":"wp","href":"https:\/\/api.w.org\/{rel}","templated":true}]}}