{"id":4047,"date":"2026-04-08T09:06:48","date_gmt":"2026-04-08T09:06:48","guid":{"rendered":"https:\/\/www.amusezvous.net\/car-rental"},"modified":"2026-04-09T10:43:23","modified_gmt":"2026-04-09T10:43:23","slug":"car-rental","status":"publish","type":"page","link":"https:\/\/www.amusezvous.net\/en\/car-rental","title":{"rendered":"Car rental"},"content":{"rendered":"\t\t<noscript>\t<div class=\"list-event\">\n\t\t    <div class=\"grid__item\">\n      <a href=\"https:\/\/www.amusezvous.net\/fr\/loisirs\/location-de-mini-moke-100-electrique-324247\" class=\"single-item\">\n        <div class=\"grid__img\">\n                      <img loading=\"lazy\" decoding=\"async\" src=\"https:\/\/www.amusezvous.net\/app\/plugins\/apidae\/public\/files\/mini\/location-de-mini-moke-100-electrique_324247_1.jpg\" alt=\"\" width=\"640\" height=\"300\" \/>\n                            <\/div>\n        <div class=\"grid__inner\">\n          <div class=\"date\">\n                          <div class=\"date-double\">\n                                <div class=\"dateDebut\">\n                  <span class=\"day\">10<\/span>\n                  <span class=\"month\">avr.<\/span>\n                                  <\/div>\n                <i class=\"fa-light fa-chevron-right\"><\/i>\n                                <div class=\"dateFin\">\n                  <span class=\"day\">31<\/span>\n                  <span class=\"month\">oct.<\/span>\n                                  <\/div>\n              <\/div>\n                      <\/div>\n  \n            \n          <h2 class=\"formattedText\">Location de Mini Moke 100% \u00e9lectrique<\/h2>\n            \n          <div class=\"grid__sub\">\n            <div class=\"grid__datetime\">\n              <span class=\"grid__commune\">\n                <i class=\"fa-thin fa-map-marker-alt\"><\/i>&nbsp;\n                <span>171 All\u00e9e du Grand Cap<\/span>&nbsp;                                                -&nbsp;                Cavalaire-sur-Mer              <\/span>\n            <\/div>\n          <\/div>\n        <\/div>\n      <\/a>\n    <\/div>\n      <div class=\"grid__item\">\n      <a href=\"https:\/\/www.amusezvous.net\/fr\/loisirs\/balade-et-visite-d-un-domaine-viticole-en-2cv-ou-mehari-avec-chauffeur-289380\" class=\"single-item\">\n        <div class=\"grid__img\">\n                      <img loading=\"lazy\" decoding=\"async\" src=\"https:\/\/www.amusezvous.net\/app\/plugins\/apidae\/public\/files\/mini\/balade-et-visite-d-un-domaine-viticole-en-2cv-ou-mehari-avec-chauffeur_289380_1.jpg\" alt=\"\" width=\"640\" height=\"300\" \/>\n                            <\/div>\n        <div class=\"grid__inner\">\n          <div class=\"date\">\n                          <div class=\"date-double\">\n                                <div class=\"dateDebut\">\n                  <span class=\"day\">30<\/span>\n                  <span class=\"month\">avr.<\/span>\n                                  <\/div>\n                <i class=\"fa-light fa-chevron-right\"><\/i>\n                                <div class=\"dateFin\">\n                  <span class=\"day\">31<\/span>\n                  <span class=\"month\">mars<\/span>\n                                  <\/div>\n              <\/div>\n                      <\/div>\n  \n            \n          <h2 class=\"formattedText\">Balade et visite d'un domaine viticole en 2CV ou M\u00e9hari avec chauffeur<\/h2>\n            \n          <div class=\"grid__sub\">\n            <div class=\"grid__datetime\">\n              <span class=\"grid__commune\">\n                <i class=\"fa-thin fa-map-marker-alt\"><\/i>&nbsp;\n                <span>96 Avenue Georges Clemenceau<\/span>&nbsp;                                                -&nbsp;                Cogolin              <\/span>\n            <\/div>\n          <\/div>\n        <\/div>\n      <\/a>\n    <\/div>\n      <div class=\"grid__item\">\n      <a href=\"https:\/\/www.amusezvous.net\/fr\/loisirs\/location-2cv-ou-mehari-avec-chauffeur-1-2-journee-246420\" class=\"single-item\">\n        <div class=\"grid__img\">\n                      <img loading=\"lazy\" decoding=\"async\" src=\"https:\/\/www.amusezvous.net\/app\/plugins\/apidae\/public\/files\/mini\/location-2cv-ou-mehari-avec-chauffeur-1-2-journee_246420_1.jpg\" alt=\"\" width=\"640\" height=\"300\" \/>\n                            <\/div>\n        <div class=\"grid__inner\">\n          <div class=\"date\">\n                          <div class=\"date-double\">\n                                <div class=\"dateDebut\">\n                  <span class=\"day\">30<\/span>\n                  <span class=\"month\">avr.<\/span>\n                                  <\/div>\n                <i class=\"fa-light fa-chevron-right\"><\/i>\n                                <div class=\"dateFin\">\n                  <span class=\"day\">31<\/span>\n                  <span class=\"month\">mars<\/span>\n                                  <\/div>\n              <\/div>\n                      <\/div>\n  \n            \n          <h2 class=\"formattedText\">Location 2CV ou M\u00e9hari avec chauffeur 1\/2 journ\u00e9e<\/h2>\n            \n          <div class=\"grid__sub\">\n            <div class=\"grid__datetime\">\n              <span class=\"grid__commune\">\n                <i class=\"fa-thin fa-map-marker-alt\"><\/i>&nbsp;\n                <span>96 Avenue Georges Clemenceau<\/span>&nbsp;                                                -&nbsp;                Cogolin              <\/span>\n            <\/div>\n          <\/div>\n        <\/div>\n      <\/a>\n    <\/div>\n      <div class=\"grid__item\">\n      <a href=\"https:\/\/www.amusezvous.net\/fr\/loisirs\/location-2cv-dans-le-golfe-de-st-tropez-332452\" class=\"single-item\">\n        <div class=\"grid__img\">\n                      <img loading=\"lazy\" decoding=\"async\" src=\"https:\/\/www.amusezvous.net\/app\/plugins\/apidae\/public\/files\/mini\/location-2cv-dans-le-golfe-de-st-tropez_332452_1.jpg\" alt=\"Pour des raisons de s\u00e9curit\u00e9 et de maintenant, nous ne pouvons pas vous faire choisir la couleur du v\u00e9hicule. \" width=\"640\" height=\"300\" \/>\n                            <\/div>\n        <div class=\"grid__inner\">\n          <div class=\"date\">\n                          <div class=\"date-double\">\n                                <div class=\"dateDebut\">\n                  <span class=\"day\">11<\/span>\n                  <span class=\"month\">avr.<\/span>\n                                  <\/div>\n                <i class=\"fa-light fa-chevron-right\"><\/i>\n                                <div class=\"dateFin\">\n                  <span class=\"day\">23<\/span>\n                  <span class=\"month\">d\u00e9c.<\/span>\n                                  <\/div>\n              <\/div>\n                      <\/div>\n  \n            \n          <h2 class=\"formattedText\">Location 2CV dans le Golfe de St Tropez<\/h2>\n            \n          <div class=\"grid__sub\">\n            <div class=\"grid__datetime\">\n              <span class=\"grid__commune\">\n                <i class=\"fa-thin fa-map-marker-alt\"><\/i>&nbsp;\n                <span>Sainte-Maxime<\/span>&nbsp;                                                -&nbsp;                Sainte-Maxime              <\/span>\n            <\/div>\n          <\/div>\n        <\/div>\n      <\/a>\n    <\/div>\n      <div class=\"grid__item\">\n      <a href=\"https:\/\/www.amusezvous.net\/fr\/loisirs\/location-de-mehari-100-electrique-326576\" class=\"single-item\">\n        <div class=\"grid__img\">\n                      <img loading=\"lazy\" decoding=\"async\" src=\"https:\/\/www.amusezvous.net\/app\/plugins\/apidae\/public\/files\/mini\/location-de-mehari-100-electrique_326576_1.jpg\" alt=\"\" width=\"640\" height=\"300\" \/>\n                            <\/div>\n        <div class=\"grid__inner\">\n          <div class=\"date\">\n                          <div class=\"date-double\">\n                                <div class=\"dateDebut\">\n                  <span class=\"day\">14<\/span>\n                  <span class=\"month\">mai<\/span>\n                                  <\/div>\n                <i class=\"fa-light fa-chevron-right\"><\/i>\n                                <div class=\"dateFin\">\n                  <span class=\"day\">31<\/span>\n                  <span class=\"month\">oct.<\/span>\n                                  <\/div>\n              <\/div>\n                      <\/div>\n  \n            \n          <h2 class=\"formattedText\">Location de M\u00e9hari 100% \u00e9lectrique<\/h2>\n            \n          <div class=\"grid__sub\">\n            <div class=\"grid__datetime\">\n              <span class=\"grid__commune\">\n                <i class=\"fa-thin fa-map-marker-alt\"><\/i>&nbsp;\n                <span>500 Rue du Port<\/span>&nbsp;                                                -&nbsp;                Cavalaire-sur-Mer              <\/span>\n            <\/div>\n          <\/div>\n        <\/div>\n      <\/a>\n    <\/div>\n      <div class=\"grid__item\">\n      <a href=\"https:\/\/www.amusezvous.net\/fr\/loisirs\/location-2cv-255953\" class=\"single-item\">\n        <div class=\"grid__img\">\n                      <img loading=\"lazy\" decoding=\"async\" src=\"https:\/\/www.amusezvous.net\/app\/plugins\/apidae\/public\/files\/mini\/location-2cv_255953_1.jpg\" alt=\"\" width=\"640\" height=\"300\" \/>\n                            <\/div>\n        <div class=\"grid__inner\">\n          <div class=\"date\">\n                          <div class=\"date-double\">\n                                <div class=\"dateDebut\">\n                  <span class=\"day\"> 7<\/span>\n                  <span class=\"month\">ao\u00fbt<\/span>\n                                  <\/div>\n                <i class=\"fa-light fa-chevron-right\"><\/i>\n                                <div class=\"dateFin\">\n                  <span class=\"day\">19<\/span>\n                  <span class=\"month\">mars<\/span>\n                                  <\/div>\n              <\/div>\n                      <\/div>\n  \n            \n          <h2 class=\"formattedText\">Location 2CV<\/h2>\n            \n          <div class=\"grid__sub\">\n            <div class=\"grid__datetime\">\n              <span class=\"grid__commune\">\n                <i class=\"fa-thin fa-map-marker-alt\"><\/i>&nbsp;\n                <span>96 Avenue Georges Clemenceau<\/span>&nbsp;                                                -&nbsp;                Cogolin              <\/span>\n            <\/div>\n          <\/div>\n        <\/div>\n      <\/a>\n    <\/div>\n      <div class=\"grid__item\">\n      <a href=\"https:\/\/www.amusezvous.net\/fr\/loisirs\/location-mehari-246417\" class=\"single-item\">\n        <div class=\"grid__img\">\n                      <img loading=\"lazy\" decoding=\"async\" src=\"https:\/\/www.amusezvous.net\/app\/plugins\/apidae\/public\/files\/mini\/location-mehari_246417_1.jpg\" alt=\"\" width=\"640\" height=\"300\" \/>\n                            <\/div>\n        <div class=\"grid__inner\">\n          <div class=\"date\">\n                          <div class=\"date-double\">\n                                <div class=\"dateDebut\">\n                  <span class=\"day\">30<\/span>\n                  <span class=\"month\">avr.<\/span>\n                                  <\/div>\n                <i class=\"fa-light fa-chevron-right\"><\/i>\n                                <div class=\"dateFin\">\n                  <span class=\"day\">31<\/span>\n                  <span class=\"month\">mars<\/span>\n                                  <\/div>\n              <\/div>\n                      <\/div>\n  \n            \n          <h2 class=\"formattedText\">Location  M\u00e9hari<\/h2>\n            \n          <div class=\"grid__sub\">\n            <div class=\"grid__datetime\">\n              <span class=\"grid__commune\">\n                <i class=\"fa-thin fa-map-marker-alt\"><\/i>&nbsp;\n                <span>96 Avenue Georges Clemenceau<\/span>&nbsp;                                                -&nbsp;                Cogolin              <\/span>\n            <\/div>\n          <\/div>\n        <\/div>\n      <\/a>\n    <\/div>\n      <div class=\"grid__item\">\n      <a href=\"https:\/\/www.amusezvous.net\/fr\/loisirs\/balade-en-2cv-et-degustation-de-vin-1-2-journee-285001\" class=\"single-item\">\n        <div class=\"grid__img\">\n                      <img loading=\"lazy\" decoding=\"async\" src=\"https:\/\/www.amusezvous.net\/app\/plugins\/apidae\/public\/files\/mini\/balade-en-2cv-et-degustation-de-vin-1-2-journee_285001_1.png\" alt=\"Escale dans un de nos domaines crus class\u00e9s\" width=\"640\" height=\"300\" \/>\n                            <\/div>\n        <div class=\"grid__inner\">\n          <div class=\"date\">\n                          <div class=\"date-simple\">\n                <div class=\"dateDebut\">\n                  <span class=\"day\"><\/span>\n                  <span class=\"month\"><\/span>\n                                  <\/div>\n              <\/div>\n                      <\/div>\n  \n            \n          <h2 class=\"formattedText\">Balade en 2CV et d\u00e9gustation de vin (1\/2 journ\u00e9e)<\/h2>\n            \n          <div class=\"grid__sub\">\n            <div class=\"grid__datetime\">\n              <span class=\"grid__commune\">\n                <i class=\"fa-thin fa-map-marker-alt\"><\/i>&nbsp;\n                <span>96 Avenue Georges Clemenceau<\/span>&nbsp;                                                -&nbsp;                Cogolin              <\/span>\n            <\/div>\n          <\/div>\n        <\/div>\n      <\/a>\n    <\/div>\n      <div class=\"grid__item\">\n      <a href=\"https:\/\/www.amusezvous.net\/fr\/loisirs\/location-nosmoke-electrique-279255\" class=\"single-item\">\n        <div class=\"grid__img\">\n                      <img loading=\"lazy\" decoding=\"async\" src=\"https:\/\/www.amusezvous.net\/app\/plugins\/apidae\/public\/files\/mini\/location-nosmoke-electrique_279255_1.jpeg\" alt=\"\" width=\"640\" height=\"300\" \/>\n                            <\/div>\n        <div class=\"grid__inner\">\n          <div class=\"date\">\n                          <div class=\"date-simple\">\n                <div class=\"dateDebut\">\n                  <span class=\"day\"><\/span>\n                  <span class=\"month\"><\/span>\n                                  <\/div>\n              <\/div>\n                      <\/div>\n  \n            \n          <h2 class=\"formattedText\">Location Nosmoke \u00e9lectrique<\/h2>\n            \n          <div class=\"grid__sub\">\n            <div class=\"grid__datetime\">\n              <span class=\"grid__commune\">\n                <i class=\"fa-thin fa-map-marker-alt\"><\/i>&nbsp;\n                <span>Parking du Nouveau Port I<\/span>&nbsp;                <span>Avenue G\u00e9n de Gaulle<\/span>&nbsp;                                -&nbsp;                Saint-Tropez              <\/span>\n            <\/div>\n          <\/div>\n        <\/div>\n      <\/a>\n    <\/div>\n      <div class=\"grid__item\">\n      <a href=\"https:\/\/www.amusezvous.net\/fr\/loisirs\/balade-en-mehari-electrique-334946\" class=\"single-item\">\n        <div class=\"grid__img\">\n                      <img loading=\"lazy\" decoding=\"async\" src=\"https:\/\/www.amusezvous.net\/app\/plugins\/apidae\/public\/files\/mini\/balade-en-mehari-electrique_334946_1.jpg\" alt=\"\" width=\"640\" height=\"300\" \/>\n                            <\/div>\n        <div class=\"grid__inner\">\n          <div class=\"date\">\n                          <div class=\"date-simple\">\n                <div class=\"dateDebut\">\n                  <span class=\"day\"><\/span>\n                  <span class=\"month\"><\/span>\n                                  <\/div>\n              <\/div>\n                      <\/div>\n  \n            \n          <h2 class=\"formattedText\">Balade en M\u00e9hari \u00e9lectrique<\/h2>\n            \n          <div class=\"grid__sub\">\n            <div class=\"grid__datetime\">\n              <span class=\"grid__commune\">\n                <i class=\"fa-thin fa-map-marker-alt\"><\/i>&nbsp;\n                <span>83120 Sainte-Maxime<\/span>&nbsp;                                                -&nbsp;                Sainte-Maxime              <\/span>\n            <\/div>\n          <\/div>\n        <\/div>\n      <\/a>\n    <\/div>\n  \t<\/div>\n<\/noscript><div id=\"prestaItems-660590797\" class=\"prestaItems wp-block-apidae-prestas alignwide\">\r\n\t\t\t<apidae-prestas\r\n\t\t\t\tslug=\"amz-type-location-de-voiture\"\r\n\t\t\t\tlayout-mode=\"list\"\r\n\t\t\t\tmap-height=\"\"\r\n\t\t\t\ttheme=\"default\"\r\n\t\t\t\ttype=\"grid\"\r\n\t\t\t\ttype-filtre=\"popover\"\r\n\t\t\t\ttype-paginate=\"INFINITE\"\r\n\t\t\t\ttitle=\"\"\r\n\t\t\t\t:nb-per-page=\"12\"\r\n\t\t\t\tfilter=\"\"\r\n\t\t\t\tlang=\"fr\"\r\n\t\t\t\t:groupe-ids-to-hide=\"[7]\"\r\n\t\t\t\t:groupe-ids-to-open=\"[31]\"\r\n\t\t\t\t:tri-filters=\"['alphabetique','triEvenement','priceAsc','priceDesc']\"\r\n\t\t\t\t:tri=\"['priceAsc']\"\r\n        :show-filtre=\"1\"\r\n\t\t\t\t:show-filtre-nb-results=\"1\"\r\n        :show-filtre-results=\"0\"\r\n        :show-filtre-lib=\"1\"\r\n        :show-filtre-tri=\"1\"\r\n        :show-filtre-groupes=\"1\"\r\n        :show-filtre-date=\"1\"\r\n        :show-filtre-age=\"0\"\r\n        :show-filtre-price=\"1\"\r\n        :show-filtre-capacity=\"0\"\r\n        :show-filtre-nombre-chambres=\"0\"\r\n        :show-filtre-nombre-jours=\"0\"\r\n        :show-filtre-nombre-nuits=\"0\"\r\n        :show-filtre-distance=\"0\"\r\n        :show-filtre-duration=\"0\"\r\n        :show-filtre-elevation=\"0\"\r\n        :show-filtre-geolocalisation=\"0\"\r\n        :show-prestas=\"1\"\r\n\t\t\t\t:show-prestas-address=\"0\"\r\n\t\t\t\t:show-prestas-attributes=\"0\"\r\n\t\t\t\t:show-prestas-breadcrumb=\"0\"\r\n\t\t\t\t:show-prestas-calendar=\"0\"\r\n\t\t\t\t:show-prestas-cart=\"1\"\r\n\t\t\t\t:show-prestas-categorie=\"0\"\r\n\t\t\t\t:show-prestas-contact=\"0\"\r\n\t\t\t\t:show-prestas-coordonnee=\"0\"\r\n\t\t\t\t:show-prestas-cover=\"1\"\r\n\t\t\t\t:show-prestas-date=\"0\"\r\n\t\t\t\t:show-prestas-description=\"1\"\r\n\t\t\t\t:show-prestas-dispo=\"0\"\r\n\t\t\t\t:show-prestas-gallery=\"0\"\r\n\t\t\t\t:show-prestas-fair-guest=\"0\"\r\n\t\t\t\t:show-prestas-fair-guest-lite=\"0\"\r\n\t\t\t\t:show-prestas-logo=\"0\"\r\n\t\t\t\t:show-prestas-map=\"1\"\r\n\t\t\t\t:show-prestas-map-closed=\"1\"\r\n\t\t\t\t:show-prestas-map-cluster=\"0\"\r\n\t\t\t\t:show-prestas-map-controls=\"0\"\r\n\t\t\t\t:show-prestas-map-zoom-scroll=\"0\"\r\n\t\t\t\t:show-prestas-objets-lies=\"0\"\r\n\t\t\t\t:show-prestas-opened=\"0\"\r\n\t\t\t\t:show-prestas-tarif=\"1\"\r\n\t\t\t\t:show-prestas-title=\"1\"\r\n\t\t\t\t:show-presta-address=\"1\"\r\n\t\t\t\t:show-presta-attributes=\"1\"\r\n\t\t\t\t:show-presta-back=\"1\"\r\n\t\t\t\t:show-presta-breadcrumb=\"0\"\r\n\t\t\t\t:show-presta-calendar=\"1\"\r\n\t\t\t\t:show-presta-cart=\"0\"\r\n\t\t\t\t:show-presta-categorie=\"1\"\r\n\t\t\t\t:show-presta-contact=\"0\"\r\n\t\t\t\t:show-presta-coordonnee=\"1\"\r\n\t\t\t\t:show-presta-cover=\"1\"\r\n\t\t\t\t:show-presta-date=\"1\"\r\n\t\t\t\t:show-presta-description=\"1\"\r\n\t\t\t\t:show-presta-dispo=\"1\"\r\n\t\t\t\t:show-presta-gallery=\"1\"\r\n\t\t\t\t:show-presta-fair-guest=\"1\"\r\n\t\t\t\t:show-presta-fair-guest-lite=\"1\"\r\n\t\t\t\t:show-presta-logo=\"1\"\r\n\t\t\t\t:show-presta-map=\"1\"\r\n\t\t\t\t:show-presta-map-closed=\"1\"\r\n\t\t\t\t:show-presta-map-cluster=\"1\"\r\n\t\t\t\t:show-presta-map-controls=\"1\"\r\n\t\t\t\t:show-presta-map-zoom-scroll=\"1\"\r\n\t\t\t\t:show-presta-objets-attaches=\"0\"\r\n\t\t\t\t:show-presta-objets-croises=\"1\"\r\n\t\t\t\t:show-presta-objets-geres=\"0\"\r\n\t\t\t\t:show-presta-objets-lies=\"0\"\r\n\t\t\t\t:show-presta-opened=\"0\"\r\n\t\t\t\t:show-presta-tarif=\"1\"\r\n\t\t\t\t:show-presta-title=\"1\"\r\n\t\t\t\t:show-presta-view=\"1\">\r\n\t\t\t<\/apidae-prestas>\r\n\t\t<\/div>","protected":false},"excerpt":{"rendered":"","protected":false},"author":7,"featured_media":0,"parent":0,"menu_order":93,"comment_status":"closed","ping_status":"closed","template":"","meta":{"_acf_changed":false,"_crdt_document":"","footnotes":""},"class_list":["post-4047","page","type-page","status-publish","hentry"],"acf":[],"_links":{"self":[{"href":"https:\/\/www.amusezvous.net\/en\/wp-json\/wp\/v2\/pages\/4047","targetHints":{"allow":["GET"]}}],"collection":[{"href":"https:\/\/www.amusezvous.net\/en\/wp-json\/wp\/v2\/pages"}],"about":[{"href":"https:\/\/www.amusezvous.net\/en\/wp-json\/wp\/v2\/types\/page"}],"author":[{"embeddable":true,"href":"https:\/\/www.amusezvous.net\/en\/wp-json\/wp\/v2\/users\/7"}],"replies":[{"embeddable":true,"href":"https:\/\/www.amusezvous.net\/en\/wp-json\/wp\/v2\/comments?post=4047"}],"version-history":[{"count":1,"href":"https:\/\/www.amusezvous.net\/en\/wp-json\/wp\/v2\/pages\/4047\/revisions"}],"predecessor-version":[{"id":4048,"href":"https:\/\/www.amusezvous.net\/en\/wp-json\/wp\/v2\/pages\/4047\/revisions\/4048"}],"wp:attachment":[{"href":"https:\/\/www.amusezvous.net\/en\/wp-json\/wp\/v2\/media?parent=4047"}],"curies":[{"name":"wp","href":"https:\/\/api.w.org\/{rel}","templated":true}]}}