{"id":1481,"date":"2023-06-23T08:14:11","date_gmt":"2023-06-23T08:14:11","guid":{"rendered":"https:\/\/www.amusezvous.net\/water-rides"},"modified":"2026-03-05T13:21:27","modified_gmt":"2026-03-05T13:21:27","slug":"water-rides","status":"publish","type":"page","link":"https:\/\/www.amusezvous.net\/en\/water-rides","title":{"rendered":"Water rides"},"content":{"rendered":"\t\t<noscript>\t<div class=\"list-event\">\n\t\t    <div class=\"grid__item\">\n      <a href=\"https:\/\/www.amusezvous.net\/fr\/loisirs\/randonnee-en-jetski-333121\" class=\"single-item\">\n        <div class=\"grid__img\">\n                      <img loading=\"lazy\" decoding=\"async\" src=\"https:\/\/www.amusezvous.net\/app\/plugins\/apidae\/public\/files\/mini\/randonnee-en-jetski_333121_1.jpg\" alt=\"\" width=\"640\" height=\"300\" \/>\n                            <\/div>\n        <div class=\"grid__inner\">\n          <div class=\"date\">\n                          <div class=\"date-double\">\n                                <div class=\"dateDebut\">\n                  <span class=\"day\">23<\/span>\n                  <span class=\"month\">mai<\/span>\n                                  <\/div>\n                <i class=\"fa-light fa-chevron-right\"><\/i>\n                                <div class=\"dateFin\">\n                  <span class=\"day\"> 4<\/span>\n                  <span class=\"month\">oct.<\/span>\n                                  <\/div>\n              <\/div>\n                      <\/div>\n  \n            \n          <h2 class=\"formattedText\">Randonn\u00e9e en jetski<\/h2>\n            \n          <div class=\"grid__sub\">\n            <div class=\"grid__datetime\">\n              <span class=\"grid__commune\">\n                <i class=\"fa-thin fa-map-marker-alt\"><\/i>&nbsp;\n                <span>962 Chemin des Tamaris<\/span>&nbsp;                                                -&nbsp;                Ramatuelle              <\/span>\n            <\/div>\n          <\/div>\n        <\/div>\n      <\/a>\n    <\/div>\n      <div class=\"grid__item\">\n      <a href=\"https:\/\/www.amusezvous.net\/fr\/loisirs\/sentier-marin-des-sardinaux-a-sainte-maxime-250304\" class=\"single-item\">\n        <div class=\"grid__img\">\n                      <img loading=\"lazy\" decoding=\"async\" src=\"https:\/\/www.amusezvous.net\/app\/plugins\/apidae\/public\/files\/mini\/sentier-marin-des-sardinaux-a-sainte-maxime_250304_1.jpeg\" alt=\"\" width=\"640\" height=\"300\" \/>\n                            <\/div>\n        <div class=\"grid__inner\">\n          <div class=\"date\">\n                          <div class=\"date-double\">\n                                <div class=\"dateDebut\">\n                  <span class=\"day\"> 3<\/span>\n                  <span class=\"month\">jui.<\/span>\n                                  <\/div>\n                <i class=\"fa-light fa-chevron-right\"><\/i>\n                                <div class=\"dateFin\">\n                  <span class=\"day\">21<\/span>\n                  <span class=\"month\">ao\u00fbt<\/span>\n                                  <\/div>\n              <\/div>\n                      <\/div>\n  \n            \n          <h2 class=\"formattedText\">Sentier marin des Sardinaux \u00e0 Sainte-Maxime<\/h2>\n            \n          <div class=\"grid__sub\">\n            <div class=\"grid__datetime\">\n              <span class=\"grid__commune\">\n                <i class=\"fa-thin fa-map-marker-alt\"><\/i>&nbsp;\n                <span>Pointe des Sardinaux<\/span>&nbsp;                                                -&nbsp;                Sainte-Maxime              <\/span>\n            <\/div>\n          <\/div>\n        <\/div>\n      <\/a>\n    <\/div>\n      <div class=\"grid__item\">\n      <a href=\"https:\/\/www.amusezvous.net\/fr\/loisirs\/sentier-marin-de-bonporteau-a-cavalaire-sur-mer-246740\" class=\"single-item\">\n        <div class=\"grid__img\">\n                      <img loading=\"lazy\" decoding=\"async\" src=\"https:\/\/www.amusezvous.net\/app\/plugins\/apidae\/public\/files\/mini\/sentier-marin-de-bonporteau-a-cavalaire-sur-mer_246740_1.jpg\" alt=\"Une activit\u00e9 familiale et ludique\" width=\"640\" height=\"300\" \/>\n                            <\/div>\n        <div class=\"grid__inner\">\n          <div class=\"date\">\n                          <div class=\"date-double\">\n                                <div class=\"dateDebut\">\n                  <span class=\"day\"> 7<\/span>\n                  <span class=\"month\">jui.<\/span>\n                                  <\/div>\n                <i class=\"fa-light fa-chevron-right\"><\/i>\n                                <div class=\"dateFin\">\n                  <span class=\"day\">25<\/span>\n                  <span class=\"month\">ao\u00fbt<\/span>\n                                  <\/div>\n              <\/div>\n                      <\/div>\n  \n            \n          <h2 class=\"formattedText\">Sentier marin de Bonporteau \u00e0 Cavalaire-sur-mer<\/h2>\n            \n          <div class=\"grid__sub\">\n            <div class=\"grid__datetime\">\n              <span class=\"grid__commune\">\n                <i class=\"fa-thin fa-map-marker-alt\"><\/i>&nbsp;\n                <span>Plage de Bonporteau<\/span>&nbsp;                                                -&nbsp;                Cavalaire-sur-Mer              <\/span>\n            <\/div>\n          <\/div>\n        <\/div>\n      <\/a>\n    <\/div>\n      <div class=\"grid__item\">\n      <a href=\"https:\/\/www.amusezvous.net\/fr\/loisirs\/sentier-marin-de-l-ilot-crocodile-a-la-croix-valmer-246742\" class=\"single-item\">\n        <div class=\"grid__img\">\n                      <img loading=\"lazy\" decoding=\"async\" src=\"https:\/\/www.amusezvous.net\/app\/plugins\/apidae\/public\/files\/mini\/sentier-marin-de-l-ilot-crocodile-a-la-croix-valmer_246742_1.jpg\" alt=\"\" width=\"640\" height=\"300\" \/>\n                            <\/div>\n        <div class=\"grid__inner\">\n          <div class=\"date\">\n                          <div class=\"date-double\">\n                                <div class=\"dateDebut\">\n                  <span class=\"day\"> 9<\/span>\n                  <span class=\"month\">jui.<\/span>\n                                  <\/div>\n                <i class=\"fa-light fa-chevron-right\"><\/i>\n                                <div class=\"dateFin\">\n                  <span class=\"day\">20<\/span>\n                  <span class=\"month\">ao\u00fbt<\/span>\n                                  <\/div>\n              <\/div>\n                      <\/div>\n  \n            \n          <h2 class=\"formattedText\">Sentier marin de l'\u00eelot crocodile \u00e0 La Croix Valmer<\/h2>\n            \n          <div class=\"grid__sub\">\n            <div class=\"grid__datetime\">\n              <span class=\"grid__commune\">\n                <i class=\"fa-thin fa-map-marker-alt\"><\/i>&nbsp;\n                <span>Jovat<\/span>&nbsp;                                                -&nbsp;                La Croix-Valmer              <\/span>\n            <\/div>\n          <\/div>\n        <\/div>\n      <\/a>\n    <\/div>\n      <div class=\"grid__item\">\n      <a href=\"https:\/\/www.amusezvous.net\/fr\/loisirs\/sentier-marin-de-pampelonne-a-ramatuelle-250091\" class=\"single-item\">\n        <div class=\"grid__img\">\n                      <img loading=\"lazy\" decoding=\"async\" src=\"https:\/\/www.amusezvous.net\/app\/plugins\/apidae\/public\/files\/mini\/sentier-marin-de-pampelonne-a-ramatuelle_250091_1.jpg\" alt=\"A la d\u00e9couverte des fonds rocheux inond\u00e9s de lumi\u00e8re\" width=\"640\" height=\"300\" \/>\n                            <\/div>\n        <div class=\"grid__inner\">\n          <div class=\"date\">\n                          <div class=\"date-simple\">\n                <div class=\"dateDebut\">\n                  <span class=\"day\"><\/span>\n                  <span class=\"month\"><\/span>\n                                  <\/div>\n              <\/div>\n                      <\/div>\n  \n            \n          <h2 class=\"formattedText\">Sentier marin de Pampelonne \u00e0 Ramatuelle<\/h2>\n            \n          <div class=\"grid__sub\">\n            <div class=\"grid__datetime\">\n              <span class=\"grid__commune\">\n                <i class=\"fa-thin fa-map-marker-alt\"><\/i>&nbsp;\n                <span>Le Migon<\/span>&nbsp;                <span>Route de Bonne Terrasse<\/span>&nbsp;                                -&nbsp;                Ramatuelle              <\/span>\n            <\/div>\n          <\/div>\n        <\/div>\n      <\/a>\n    <\/div>\n      <div class=\"grid__item\">\n      <a href=\"https:\/\/www.amusezvous.net\/fr\/loisirs\/sentier-marin-une-balade-aquatique-au-domaine-du-rayol-242116\" class=\"single-item\">\n        <div class=\"grid__img\">\n                      <img loading=\"lazy\" decoding=\"async\" src=\"https:\/\/www.amusezvous.net\/app\/plugins\/apidae\/public\/files\/mini\/sentier-marin-une-balade-aquatique-au-domaine-du-rayol_242116_1.jpg\" alt=\"\" width=\"640\" height=\"300\" \/>\n                            <\/div>\n        <div class=\"grid__inner\">\n          <div class=\"date\">\n                          <div class=\"date-simple\">\n                <div class=\"dateDebut\">\n                  <span class=\"day\"><\/span>\n                  <span class=\"month\"><\/span>\n                                  <\/div>\n              <\/div>\n                      <\/div>\n  \n            \n          <h2 class=\"formattedText\">Sentier marin, une balade aquatique au Domaine du Rayol<\/h2>\n            \n          <div class=\"grid__sub\">\n            <div class=\"grid__datetime\">\n              <span class=\"grid__commune\">\n                <i class=\"fa-thin fa-map-marker-alt\"><\/i>&nbsp;\n                <span>Domaine du Rayol<\/span>&nbsp;                <span>Le Jardin des M\u00e9diterran\u00e9es<\/span>&nbsp;                <span>Avenue Jacques Chirac<\/span>                -&nbsp;                Rayol-Canadel-sur-Mer              <\/span>\n            <\/div>\n          <\/div>\n        <\/div>\n      <\/a>\n    <\/div>\n      <div class=\"grid__item\">\n      <a href=\"https:\/\/www.amusezvous.net\/fr\/loisirs\/randonnee-jet-ski-cap-taillat-255881\" class=\"single-item\">\n        <div class=\"grid__img\">\n                      <img loading=\"lazy\" decoding=\"async\" src=\"https:\/\/www.amusezvous.net\/app\/plugins\/apidae\/public\/files\/mini\/randonnee-jet-ski-cap-taillat_255881_1.png\" alt=\"\" width=\"640\" height=\"300\" \/>\n                            <\/div>\n        <div class=\"grid__inner\">\n          <div class=\"date\">\n                          <div class=\"date-simple\">\n                <div class=\"dateDebut\">\n                  <span class=\"day\"><\/span>\n                  <span class=\"month\"><\/span>\n                                  <\/div>\n              <\/div>\n                      <\/div>\n  \n            \n          <h2 class=\"formattedText\">Randonn\u00e9e Jet ski Cap Taillat<\/h2>\n            \n          <div class=\"grid__sub\">\n            <div class=\"grid__datetime\">\n              <span class=\"grid__commune\">\n                <i class=\"fa-thin fa-map-marker-alt\"><\/i>&nbsp;\n                <span>101 Avenue du Croiseur L\u00e9ger le Malin<\/span>&nbsp;                                                -&nbsp;                Sainte-Maxime              <\/span>\n            <\/div>\n          <\/div>\n        <\/div>\n      <\/a>\n    <\/div>\n  \t<\/div>\n<\/noscript><div id=\"prestaItems-44103297\" class=\"prestaItems wp-block-apidae-prestas alignwide\">\r\n\t\t\t<apidae-prestas\r\n\t\t\t\tslug=\"amz-type-balades-aquatiques\"\r\n\t\t\t\tlayout-mode=\"list\"\r\n\t\t\t\tmap-height=\"\"\r\n\t\t\t\ttheme=\"default\"\r\n\t\t\t\ttype=\"grid\"\r\n\t\t\t\ttype-filtre=\"popover\"\r\n\t\t\t\ttype-paginate=\"INFINITE\"\r\n\t\t\t\ttitle=\"\"\r\n\t\t\t\t:nb-per-page=\"12\"\r\n\t\t\t\tfilter=\"\"\r\n\t\t\t\tlang=\"fr\"\r\n\t\t\t\t:groupe-ids-to-hide=\"[7]\"\r\n\t\t\t\t:groupe-ids-to-open=\"[31]\"\r\n\t\t\t\t:tri-filters=\"['alphabetique','triEvenement','priceAsc','priceDesc']\"\r\n\t\t\t\t:tri=\"['priceAsc']\"\r\n        :show-filtre=\"1\"\r\n\t\t\t\t:show-filtre-nb-results=\"1\"\r\n        :show-filtre-results=\"0\"\r\n        :show-filtre-lib=\"1\"\r\n        :show-filtre-tri=\"1\"\r\n        :show-filtre-groupes=\"1\"\r\n        :show-filtre-date=\"1\"\r\n        :show-filtre-age=\"0\"\r\n        :show-filtre-price=\"1\"\r\n        :show-filtre-capacity=\"0\"\r\n        :show-filtre-nombre-chambres=\"0\"\r\n        :show-filtre-nombre-jours=\"0\"\r\n        :show-filtre-nombre-nuits=\"0\"\r\n        :show-filtre-distance=\"0\"\r\n        :show-filtre-duration=\"0\"\r\n        :show-filtre-elevation=\"0\"\r\n        :show-filtre-geolocalisation=\"0\"\r\n        :show-prestas=\"1\"\r\n\t\t\t\t:show-prestas-address=\"0\"\r\n\t\t\t\t:show-prestas-attributes=\"0\"\r\n\t\t\t\t:show-prestas-breadcrumb=\"0\"\r\n\t\t\t\t:show-prestas-calendar=\"0\"\r\n\t\t\t\t:show-prestas-cart=\"1\"\r\n\t\t\t\t:show-prestas-categorie=\"0\"\r\n\t\t\t\t:show-prestas-contact=\"0\"\r\n\t\t\t\t:show-prestas-coordonnee=\"0\"\r\n\t\t\t\t:show-prestas-cover=\"1\"\r\n\t\t\t\t:show-prestas-date=\"0\"\r\n\t\t\t\t:show-prestas-description=\"1\"\r\n\t\t\t\t:show-prestas-dispo=\"0\"\r\n\t\t\t\t:show-prestas-gallery=\"0\"\r\n\t\t\t\t:show-prestas-fair-guest=\"0\"\r\n\t\t\t\t:show-prestas-fair-guest-lite=\"0\"\r\n\t\t\t\t:show-prestas-logo=\"0\"\r\n\t\t\t\t:show-prestas-map=\"1\"\r\n\t\t\t\t:show-prestas-map-closed=\"1\"\r\n\t\t\t\t:show-prestas-map-cluster=\"0\"\r\n\t\t\t\t:show-prestas-map-controls=\"0\"\r\n\t\t\t\t:show-prestas-map-zoom-scroll=\"0\"\r\n\t\t\t\t:show-prestas-objets-lies=\"0\"\r\n\t\t\t\t:show-prestas-opened=\"0\"\r\n\t\t\t\t:show-prestas-tarif=\"1\"\r\n\t\t\t\t:show-prestas-title=\"1\"\r\n\t\t\t\t:show-presta-address=\"1\"\r\n\t\t\t\t:show-presta-attributes=\"1\"\r\n\t\t\t\t:show-presta-back=\"1\"\r\n\t\t\t\t:show-presta-breadcrumb=\"0\"\r\n\t\t\t\t:show-presta-calendar=\"1\"\r\n\t\t\t\t:show-presta-cart=\"0\"\r\n\t\t\t\t:show-presta-categorie=\"1\"\r\n\t\t\t\t:show-presta-contact=\"0\"\r\n\t\t\t\t:show-presta-coordonnee=\"1\"\r\n\t\t\t\t:show-presta-cover=\"1\"\r\n\t\t\t\t:show-presta-date=\"1\"\r\n\t\t\t\t:show-presta-description=\"1\"\r\n\t\t\t\t:show-presta-dispo=\"1\"\r\n\t\t\t\t:show-presta-gallery=\"1\"\r\n\t\t\t\t:show-presta-fair-guest=\"1\"\r\n\t\t\t\t:show-presta-fair-guest-lite=\"1\"\r\n\t\t\t\t:show-presta-logo=\"1\"\r\n\t\t\t\t:show-presta-map=\"1\"\r\n\t\t\t\t:show-presta-map-closed=\"1\"\r\n\t\t\t\t:show-presta-map-cluster=\"1\"\r\n\t\t\t\t:show-presta-map-controls=\"1\"\r\n\t\t\t\t:show-presta-map-zoom-scroll=\"1\"\r\n\t\t\t\t:show-presta-objets-attaches=\"0\"\r\n\t\t\t\t:show-presta-objets-croises=\"1\"\r\n\t\t\t\t:show-presta-objets-geres=\"0\"\r\n\t\t\t\t:show-presta-objets-lies=\"0\"\r\n\t\t\t\t:show-presta-opened=\"0\"\r\n\t\t\t\t:show-presta-tarif=\"1\"\r\n\t\t\t\t:show-presta-title=\"1\"\r\n\t\t\t\t:show-presta-view=\"1\">\r\n\t\t\t<\/apidae-prestas>\r\n\t\t<\/div>\n<div style=\"height:100px\" aria-hidden=\"true\" class=\"wp-block-spacer\"><\/div>\n\n<div class=\"wp-block-columns alignwide is-layout-flex wp-container-core-columns-is-layout-0defc3be wp-block-columns-is-layout-flex\">\n<div class=\"wp-block-column is-layout-flow wp-block-column-is-layout-flow\">\n<p class=\"has-sm-font-size wp-block-paragraph\">Enjoy an aquatic voyage of discovery during your vacation along the marine paths of the Gulf of Saint Tropez, from the Pointe des Sardinaux in Sainte Maxime to Bonporteau in Cavalaire, via the famous Ilot du Crocodile opposite Plage de Jovat.<\/p>\n\n\n\n<p class=\"has-sm-font-size wp-block-paragraph\">The sites have been selected for their landscape and species interest, as well as for their accessibility. Underwater buoys and explanatory panels allow you to explore on your own, simply equipped with a mask, snorkel and, if necessary, a pair of flippers.<\/p>\n\n\n\n<p class=\"has-sm-font-size wp-block-paragraph\">  Freely accessible to anyone who can at least swim, it&#8217;s an excellent way to familiarize yourself with the underwater world while enjoying the scenery and marine life. And sometimes even a first step towards diving or freediving.<\/p>\n\n\n\n<p class=\"has-sm-font-size wp-block-paragraph\">The marine trails along the Var coast are open all summer (June to September), with guided tours offered from time to time.<\/p>\n<\/div>\n<\/div>\n","protected":false},"excerpt":{"rendered":"<p>Enjoy an aquatic voyage of discovery during your vacation along the marine paths of the Gulf of Saint Tropez, from&#8230;<\/p>\n","protected":false},"author":7,"featured_media":0,"parent":0,"menu_order":124,"comment_status":"closed","ping_status":"closed","template":"","meta":{"_acf_changed":false,"_crdt_document":"","footnotes":""},"class_list":["post-1481","page","type-page","status-publish","hentry"],"acf":[],"_links":{"self":[{"href":"https:\/\/www.amusezvous.net\/en\/wp-json\/wp\/v2\/pages\/1481","targetHints":{"allow":["GET"]}}],"collection":[{"href":"https:\/\/www.amusezvous.net\/en\/wp-json\/wp\/v2\/pages"}],"about":[{"href":"https:\/\/www.amusezvous.net\/en\/wp-json\/wp\/v2\/types\/page"}],"author":[{"embeddable":true,"href":"https:\/\/www.amusezvous.net\/en\/wp-json\/wp\/v2\/users\/7"}],"replies":[{"embeddable":true,"href":"https:\/\/www.amusezvous.net\/en\/wp-json\/wp\/v2\/comments?post=1481"}],"version-history":[{"count":4,"href":"https:\/\/www.amusezvous.net\/en\/wp-json\/wp\/v2\/pages\/1481\/revisions"}],"predecessor-version":[{"id":3793,"href":"https:\/\/www.amusezvous.net\/en\/wp-json\/wp\/v2\/pages\/1481\/revisions\/3793"}],"wp:attachment":[{"href":"https:\/\/www.amusezvous.net\/en\/wp-json\/wp\/v2\/media?parent=1481"}],"curies":[{"name":"wp","href":"https:\/\/api.w.org\/{rel}","templated":true}]}}